{"id":5876,"date":"2020-11-10T11:12:37","date_gmt":"2020-11-10T11:12:37","guid":{"rendered":"https:\/\/gflenvincuatgf.wpengine.com\/6-yard-slant-top-commingled-recycling-box\/"},"modified":"2021-05-24T18:48:21","modified_gmt":"2021-05-24T18:48:21","slug":"6-yard-slant-top-commingled-recycling-box","status":"publish","type":"page","link":"https:\/\/gflenvincuat.gflenv.com\/fr\/our-services\/for-business\/commercial-solid-waste\/commercial-recycling\/6-yard-slant-top-commingled-recycling-box\/","title":{"rendered":"CONTENEUR DE RECYCLAGE MIXTE \u00c0 CHARGEMENT FRONTAL 6 VERGES"},"content":{"rendered":"","protected":false},"excerpt":{"rendered":"","protected":false},"author":9,"featured_media":0,"parent":2836,"menu_order":0,"comment_status":"closed","ping_status":"closed","template":"templates\/template-level-4.php","meta":{"inline_featured_image":false},"acf":[],"yoast_head":"<!-- This site is optimized with the Yoast SEO plugin v19.6.1 - https:\/\/yoast.com\/wordpress\/plugins\/seo\/ -->\n<title>CONTENEUR DE RECYCLAGE MIXTE \u00c0 CHARGEMENT FRONTAL 6 VERGES - GFL Environmental Inc.<\/title>\n<meta name=\"description\" content=\"GFL offre des bo\u00eetes de recyclage \u00e0 embo\u00eetement de 6-yard pour garder votre entreprise propre et durable sur le plan environnemental. En savoir plus.\" \/>\n<meta name=\"robots\" content=\"noindex, follow, max-snippet:-1, max-image-preview:large, max-video-preview:-1\" \/>\n<meta property=\"og:locale\" content=\"en_US\" \/>\n<meta property=\"og:type\" content=\"article\" \/>\n<meta property=\"og:title\" content=\"CONTENEUR DE RECYCLAGE MIXTE \u00c0 CHARGEMENT FRONTAL 6 VERGES - GFL Environmental Inc.\" \/>\n<meta property=\"og:description\" content=\"GFL offre des bo\u00eetes de recyclage \u00e0 embo\u00eetement de 6-yard pour garder votre entreprise propre et durable sur le plan environnemental. En savoir plus.\" \/>\n<meta property=\"og:url\" content=\"https:\/\/gflenvincuat.gflenv.com\/fr\/our-services\/for-business\/commercial-solid-waste\/commercial-recycling\/6-yard-slant-top-commingled-recycling-box\/\" \/>\n<meta property=\"og:site_name\" content=\"GFL Environmental Inc.\" \/>\n<meta property=\"article:modified_time\" content=\"2021-05-24T18:48:21+00:00\" \/>\n<meta name=\"twitter:card\" content=\"summary_large_image\" \/>\n<script type=\"application\/ld+json\" class=\"yoast-schema-graph\">{\"@context\":\"https:\/\/schema.org\",\"@graph\":[{\"@type\":\"WebPage\",\"@id\":\"https:\/\/gflenvincuat.gflenv.com\/fr\/our-services\/for-business\/commercial-solid-waste\/commercial-recycling\/6-yard-slant-top-commingled-recycling-box\/\",\"url\":\"https:\/\/gflenvincuat.gflenv.com\/fr\/our-services\/for-business\/commercial-solid-waste\/commercial-recycling\/6-yard-slant-top-commingled-recycling-box\/\",\"name\":\"CONTENEUR DE RECYCLAGE MIXTE \u00c0 CHARGEMENT FRONTAL 6 VERGES - GFL Environmental Inc.\",\"isPartOf\":{\"@id\":\"https:\/\/gflenvincuat.gflenv.com\/#website\"},\"datePublished\":\"2020-11-10T11:12:37+00:00\",\"dateModified\":\"2021-05-24T18:48:21+00:00\",\"description\":\"GFL offre des bo\u00eetes de recyclage \u00e0 embo\u00eetement de 6-yard pour garder votre entreprise propre et durable sur le plan environnemental. En savoir plus.\",\"breadcrumb\":{\"@id\":\"https:\/\/gflenvincuat.gflenv.com\/fr\/our-services\/for-business\/commercial-solid-waste\/commercial-recycling\/6-yard-slant-top-commingled-recycling-box\/#breadcrumb\"},\"inLanguage\":\"en-CA\",\"potentialAction\":[{\"@type\":\"ReadAction\",\"target\":[\"https:\/\/gflenvincuat.gflenv.com\/fr\/our-services\/for-business\/commercial-solid-waste\/commercial-recycling\/6-yard-slant-top-commingled-recycling-box\/\"]}]},{\"@type\":\"BreadcrumbList\",\"@id\":\"https:\/\/gflenvincuat.gflenv.com\/fr\/our-services\/for-business\/commercial-solid-waste\/commercial-recycling\/6-yard-slant-top-commingled-recycling-box\/#breadcrumb\",\"itemListElement\":[{\"@type\":\"ListItem\",\"position\":1,\"name\":\"Home\",\"item\":\"https:\/\/gflenvincuat.gflenv.com\/\"},{\"@type\":\"ListItem\",\"position\":2,\"name\":\"SERVICES\",\"item\":\"https:\/\/gflenvincuat.gflenv.com\/fr\/our-services\/\"},{\"@type\":\"ListItem\",\"position\":3,\"name\":\"SERVICES AUX ENTREPRISES\",\"item\":\"https:\/\/gflenvincuat.gflenv.com\/fr\/our-services\/for-business\/\"},{\"@type\":\"ListItem\",\"position\":4,\"name\":\"MATI\u00c8RES R\u00c9SIDUELLES\",\"item\":\"https:\/\/gflenvincuat.gflenv.com\/fr\/our-services\/for-business\/commercial-solid-waste\/\"},{\"@type\":\"ListItem\",\"position\":5,\"name\":\"RECYCLAGE COMMERCIAL\",\"item\":\"https:\/\/gflenvincuat.gflenv.com\/fr\/our-services\/for-business\/commercial-solid-waste\/commercial-recycling\/\"},{\"@type\":\"ListItem\",\"position\":6,\"name\":\"CONTENEUR DE RECYCLAGE MIXTE \u00c0 CHARGEMENT FRONTAL 6 VERGES\"}]},{\"@type\":\"WebSite\",\"@id\":\"https:\/\/gflenvincuat.gflenv.com\/#website\",\"url\":\"https:\/\/gflenvincuat.gflenv.com\/\",\"name\":\"GFL Environmental Inc.\",\"description\":\"Waste Management &amp; Infrastructure Services\",\"potentialAction\":[{\"@type\":\"SearchAction\",\"target\":{\"@type\":\"EntryPoint\",\"urlTemplate\":\"https:\/\/gflenvincuat.gflenv.com\/?s={search_term_string}\"},\"query-input\":\"required name=search_term_string\"}],\"inLanguage\":\"en-CA\"}]}<\/script>\n<!-- \/ Yoast SEO plugin. -->","yoast_head_json":{"title":"CONTENEUR DE RECYCLAGE MIXTE \u00c0 CHARGEMENT FRONTAL 6 VERGES - GFL Environmental Inc.","description":"GFL offre des bo\u00eetes de recyclage \u00e0 embo\u00eetement de 6-yard pour garder votre entreprise propre et durable sur le plan environnemental. En savoir plus.","robots":{"index":"noindex","follow":"follow","max-snippet":"max-snippet:-1","max-image-preview":"max-image-preview:large","max-video-preview":"max-video-preview:-1"},"og_locale":"en_US","og_type":"article","og_title":"CONTENEUR DE RECYCLAGE MIXTE \u00c0 CHARGEMENT FRONTAL 6 VERGES - GFL Environmental Inc.","og_description":"GFL offre des bo\u00eetes de recyclage \u00e0 embo\u00eetement de 6-yard pour garder votre entreprise propre et durable sur le plan environnemental. En savoir plus.","og_url":"https:\/\/gflenvincuat.gflenv.com\/fr\/our-services\/for-business\/commercial-solid-waste\/commercial-recycling\/6-yard-slant-top-commingled-recycling-box\/","og_site_name":"GFL Environmental Inc.","article_modified_time":"2021-05-24T18:48:21+00:00","twitter_card":"summary_large_image","schema":{"@context":"https:\/\/schema.org","@graph":[{"@type":"WebPage","@id":"https:\/\/gflenvincuat.gflenv.com\/fr\/our-services\/for-business\/commercial-solid-waste\/commercial-recycling\/6-yard-slant-top-commingled-recycling-box\/","url":"https:\/\/gflenvincuat.gflenv.com\/fr\/our-services\/for-business\/commercial-solid-waste\/commercial-recycling\/6-yard-slant-top-commingled-recycling-box\/","name":"CONTENEUR DE RECYCLAGE MIXTE \u00c0 CHARGEMENT FRONTAL 6 VERGES - GFL Environmental Inc.","isPartOf":{"@id":"https:\/\/gflenvincuat.gflenv.com\/#website"},"datePublished":"2020-11-10T11:12:37+00:00","dateModified":"2021-05-24T18:48:21+00:00","description":"GFL offre des bo\u00eetes de recyclage \u00e0 embo\u00eetement de 6-yard pour garder votre entreprise propre et durable sur le plan environnemental. En savoir plus.","breadcrumb":{"@id":"https:\/\/gflenvincuat.gflenv.com\/fr\/our-services\/for-business\/commercial-solid-waste\/commercial-recycling\/6-yard-slant-top-commingled-recycling-box\/#breadcrumb"},"inLanguage":"en-CA","potentialAction":[{"@type":"ReadAction","target":["https:\/\/gflenvincuat.gflenv.com\/fr\/our-services\/for-business\/commercial-solid-waste\/commercial-recycling\/6-yard-slant-top-commingled-recycling-box\/"]}]},{"@type":"BreadcrumbList","@id":"https:\/\/gflenvincuat.gflenv.com\/fr\/our-services\/for-business\/commercial-solid-waste\/commercial-recycling\/6-yard-slant-top-commingled-recycling-box\/#breadcrumb","itemListElement":[{"@type":"ListItem","position":1,"name":"Home","item":"https:\/\/gflenvincuat.gflenv.com\/"},{"@type":"ListItem","position":2,"name":"SERVICES","item":"https:\/\/gflenvincuat.gflenv.com\/fr\/our-services\/"},{"@type":"ListItem","position":3,"name":"SERVICES AUX ENTREPRISES","item":"https:\/\/gflenvincuat.gflenv.com\/fr\/our-services\/for-business\/"},{"@type":"ListItem","position":4,"name":"MATI\u00c8RES R\u00c9SIDUELLES","item":"https:\/\/gflenvincuat.gflenv.com\/fr\/our-services\/for-business\/commercial-solid-waste\/"},{"@type":"ListItem","position":5,"name":"RECYCLAGE COMMERCIAL","item":"https:\/\/gflenvincuat.gflenv.com\/fr\/our-services\/for-business\/commercial-solid-waste\/commercial-recycling\/"},{"@type":"ListItem","position":6,"name":"CONTENEUR DE RECYCLAGE MIXTE \u00c0 CHARGEMENT FRONTAL 6 VERGES"}]},{"@type":"WebSite","@id":"https:\/\/gflenvincuat.gflenv.com\/#website","url":"https:\/\/gflenvincuat.gflenv.com\/","name":"GFL Environmental Inc.","description":"Waste Management &amp; Infrastructure Services","potentialAction":[{"@type":"SearchAction","target":{"@type":"EntryPoint","urlTemplate":"https:\/\/gflenvincuat.gflenv.com\/?s={search_term_string}"},"query-input":"required name=search_term_string"}],"inLanguage":"en-CA"}]}},"_links":{"self":[{"href":"https:\/\/gflenvincuat.gflenv.com\/fr\/wp-json\/wp\/v2\/pages\/5876"}],"collection":[{"href":"https:\/\/gflenvincuat.gflenv.com\/fr\/wp-json\/wp\/v2\/pages"}],"about":[{"href":"https:\/\/gflenvincuat.gflenv.com\/fr\/wp-json\/wp\/v2\/types\/page"}],"author":[{"embeddable":true,"href":"https:\/\/gflenvincuat.gflenv.com\/fr\/wp-json\/wp\/v2\/users\/9"}],"replies":[{"embeddable":true,"href":"https:\/\/gflenvincuat.gflenv.com\/fr\/wp-json\/wp\/v2\/comments?post=5876"}],"version-history":[{"count":0,"href":"https:\/\/gflenvincuat.gflenv.com\/fr\/wp-json\/wp\/v2\/pages\/5876\/revisions"}],"up":[{"embeddable":true,"href":"https:\/\/gflenvincuat.gflenv.com\/fr\/wp-json\/wp\/v2\/pages\/2836"}],"wp:attachment":[{"href":"https:\/\/gflenvincuat.gflenv.com\/fr\/wp-json\/wp\/v2\/media?parent=5876"}],"curies":[{"name":"wp","href":"https:\/\/api.w.org\/{rel}","templated":true}]}}