{"id":5594,"date":"2020-11-05T12:48:13","date_gmt":"2020-11-05T12:48:13","guid":{"rendered":"https:\/\/gflenvincuatgf.wpengine.com\/our-services\/for-government\/national-accounts\/restaurant-and-grocery-waste-collection\/"},"modified":"2021-03-11T20:47:14","modified_gmt":"2021-03-11T20:47:14","slug":"restaurant-and-grocery-waste-collection","status":"publish","type":"page","link":"https:\/\/gflenvincuat.gflenv.com\/fr\/our-services\/for-government\/national-accounts\/restaurant-and-grocery-waste-collection\/","title":{"rendered":"COLLECTE DES D\u00c9CHETS DES RESTAURANTS ET DES \u00c9PICERIES"},"content":{"rendered":"","protected":false},"excerpt":{"rendered":"","protected":false},"author":9,"featured_media":0,"parent":2821,"menu_order":0,"comment_status":"closed","ping_status":"closed","template":"templates\/template-level-3_National_accounts.php","meta":{"inline_featured_image":false},"acf":[],"yoast_head":"<!-- This site is optimized with the Yoast SEO plugin v19.6.1 - https:\/\/yoast.com\/wordpress\/plugins\/seo\/ -->\n<title>COLLECTE DES D\u00c9CHETS DES RESTAURANTS ET DES \u00c9PICERIES - GFL Environmental Inc.<\/title>\n<meta name=\"description\" content=\"GFL peut g\u00e9rer vos divers besoins en mati\u00e8re de gestion des d\u00e9chets gr\u00e2ce \u00e0 un plan de service de collecte personnalis\u00e9 pour votre restaurant ou votre \u00e9picerie. En savoir plus.\" \/>\n<meta name=\"robots\" content=\"noindex, follow, max-snippet:-1, max-image-preview:large, max-video-preview:-1\" \/>\n<meta property=\"og:locale\" content=\"en_US\" \/>\n<meta property=\"og:type\" content=\"article\" \/>\n<meta property=\"og:title\" content=\"COLLECTE DES D\u00c9CHETS DES RESTAURANTS ET DES \u00c9PICERIES - GFL Environmental Inc.\" \/>\n<meta property=\"og:description\" content=\"GFL peut g\u00e9rer vos divers besoins en mati\u00e8re de gestion des d\u00e9chets gr\u00e2ce \u00e0 un plan de service de collecte personnalis\u00e9 pour votre restaurant ou votre \u00e9picerie. En savoir plus.\" \/>\n<meta property=\"og:url\" content=\"https:\/\/gflenvincuat.gflenv.com\/fr\/our-services\/for-government\/national-accounts\/restaurant-and-grocery-waste-collection\/\" \/>\n<meta property=\"og:site_name\" content=\"GFL Environmental Inc.\" \/>\n<meta property=\"article:modified_time\" content=\"2021-03-11T20:47:14+00:00\" \/>\n<meta name=\"twitter:card\" content=\"summary_large_image\" \/>\n<script type=\"application\/ld+json\" class=\"yoast-schema-graph\">{\"@context\":\"https:\/\/schema.org\",\"@graph\":[{\"@type\":\"WebPage\",\"@id\":\"https:\/\/gflenvincuat.gflenv.com\/fr\/our-services\/for-government\/national-accounts\/restaurant-and-grocery-waste-collection\/\",\"url\":\"https:\/\/gflenvincuat.gflenv.com\/fr\/our-services\/for-government\/national-accounts\/restaurant-and-grocery-waste-collection\/\",\"name\":\"COLLECTE DES D\u00c9CHETS DES RESTAURANTS ET DES \u00c9PICERIES - GFL Environmental Inc.\",\"isPartOf\":{\"@id\":\"https:\/\/gflenvincuat.gflenv.com\/#website\"},\"datePublished\":\"2020-11-05T12:48:13+00:00\",\"dateModified\":\"2021-03-11T20:47:14+00:00\",\"description\":\"GFL peut g\u00e9rer vos divers besoins en mati\u00e8re de gestion des d\u00e9chets gr\u00e2ce \u00e0 un plan de service de collecte personnalis\u00e9 pour votre restaurant ou votre \u00e9picerie. En savoir plus.\",\"breadcrumb\":{\"@id\":\"https:\/\/gflenvincuat.gflenv.com\/fr\/our-services\/for-government\/national-accounts\/restaurant-and-grocery-waste-collection\/#breadcrumb\"},\"inLanguage\":\"en-CA\",\"potentialAction\":[{\"@type\":\"ReadAction\",\"target\":[\"https:\/\/gflenvincuat.gflenv.com\/fr\/our-services\/for-government\/national-accounts\/restaurant-and-grocery-waste-collection\/\"]}]},{\"@type\":\"BreadcrumbList\",\"@id\":\"https:\/\/gflenvincuat.gflenv.com\/fr\/our-services\/for-government\/national-accounts\/restaurant-and-grocery-waste-collection\/#breadcrumb\",\"itemListElement\":[{\"@type\":\"ListItem\",\"position\":1,\"name\":\"Home\",\"item\":\"https:\/\/gflenvincuat.gflenv.com\/\"},{\"@type\":\"ListItem\",\"position\":2,\"name\":\"SERVICES\",\"item\":\"https:\/\/gflenvincuat.gflenv.com\/fr\/our-services\/\"},{\"@type\":\"ListItem\",\"position\":3,\"name\":\"SERVICES AUX GOUVERNEMENTS\",\"item\":\"https:\/\/gflenvincuat.gflenv.com\/fr\/our-services\/for-government\/\"},{\"@type\":\"ListItem\",\"position\":4,\"name\":\"COMPTES NATIONAUX\",\"item\":\"https:\/\/gflenvincuat.gflenv.com\/fr\/our-services\/for-government\/national-accounts\/\"},{\"@type\":\"ListItem\",\"position\":5,\"name\":\"COLLECTE DES D\u00c9CHETS DES RESTAURANTS ET DES \u00c9PICERIES\"}]},{\"@type\":\"WebSite\",\"@id\":\"https:\/\/gflenvincuat.gflenv.com\/#website\",\"url\":\"https:\/\/gflenvincuat.gflenv.com\/\",\"name\":\"GFL Environmental Inc.\",\"description\":\"Waste Management &amp; Infrastructure Services\",\"potentialAction\":[{\"@type\":\"SearchAction\",\"target\":{\"@type\":\"EntryPoint\",\"urlTemplate\":\"https:\/\/gflenvincuat.gflenv.com\/?s={search_term_string}\"},\"query-input\":\"required name=search_term_string\"}],\"inLanguage\":\"en-CA\"}]}<\/script>\n<!-- \/ Yoast SEO plugin. -->","yoast_head_json":{"title":"COLLECTE DES D\u00c9CHETS DES RESTAURANTS ET DES \u00c9PICERIES - GFL Environmental Inc.","description":"GFL peut g\u00e9rer vos divers besoins en mati\u00e8re de gestion des d\u00e9chets gr\u00e2ce \u00e0 un plan de service de collecte personnalis\u00e9 pour votre restaurant ou votre \u00e9picerie. En savoir plus.","robots":{"index":"noindex","follow":"follow","max-snippet":"max-snippet:-1","max-image-preview":"max-image-preview:large","max-video-preview":"max-video-preview:-1"},"og_locale":"en_US","og_type":"article","og_title":"COLLECTE DES D\u00c9CHETS DES RESTAURANTS ET DES \u00c9PICERIES - GFL Environmental Inc.","og_description":"GFL peut g\u00e9rer vos divers besoins en mati\u00e8re de gestion des d\u00e9chets gr\u00e2ce \u00e0 un plan de service de collecte personnalis\u00e9 pour votre restaurant ou votre \u00e9picerie. En savoir plus.","og_url":"https:\/\/gflenvincuat.gflenv.com\/fr\/our-services\/for-government\/national-accounts\/restaurant-and-grocery-waste-collection\/","og_site_name":"GFL Environmental Inc.","article_modified_time":"2021-03-11T20:47:14+00:00","twitter_card":"summary_large_image","schema":{"@context":"https:\/\/schema.org","@graph":[{"@type":"WebPage","@id":"https:\/\/gflenvincuat.gflenv.com\/fr\/our-services\/for-government\/national-accounts\/restaurant-and-grocery-waste-collection\/","url":"https:\/\/gflenvincuat.gflenv.com\/fr\/our-services\/for-government\/national-accounts\/restaurant-and-grocery-waste-collection\/","name":"COLLECTE DES D\u00c9CHETS DES RESTAURANTS ET DES \u00c9PICERIES - GFL Environmental Inc.","isPartOf":{"@id":"https:\/\/gflenvincuat.gflenv.com\/#website"},"datePublished":"2020-11-05T12:48:13+00:00","dateModified":"2021-03-11T20:47:14+00:00","description":"GFL peut g\u00e9rer vos divers besoins en mati\u00e8re de gestion des d\u00e9chets gr\u00e2ce \u00e0 un plan de service de collecte personnalis\u00e9 pour votre restaurant ou votre \u00e9picerie. En savoir plus.","breadcrumb":{"@id":"https:\/\/gflenvincuat.gflenv.com\/fr\/our-services\/for-government\/national-accounts\/restaurant-and-grocery-waste-collection\/#breadcrumb"},"inLanguage":"en-CA","potentialAction":[{"@type":"ReadAction","target":["https:\/\/gflenvincuat.gflenv.com\/fr\/our-services\/for-government\/national-accounts\/restaurant-and-grocery-waste-collection\/"]}]},{"@type":"BreadcrumbList","@id":"https:\/\/gflenvincuat.gflenv.com\/fr\/our-services\/for-government\/national-accounts\/restaurant-and-grocery-waste-collection\/#breadcrumb","itemListElement":[{"@type":"ListItem","position":1,"name":"Home","item":"https:\/\/gflenvincuat.gflenv.com\/"},{"@type":"ListItem","position":2,"name":"SERVICES","item":"https:\/\/gflenvincuat.gflenv.com\/fr\/our-services\/"},{"@type":"ListItem","position":3,"name":"SERVICES AUX GOUVERNEMENTS","item":"https:\/\/gflenvincuat.gflenv.com\/fr\/our-services\/for-government\/"},{"@type":"ListItem","position":4,"name":"COMPTES NATIONAUX","item":"https:\/\/gflenvincuat.gflenv.com\/fr\/our-services\/for-government\/national-accounts\/"},{"@type":"ListItem","position":5,"name":"COLLECTE DES D\u00c9CHETS DES RESTAURANTS ET DES \u00c9PICERIES"}]},{"@type":"WebSite","@id":"https:\/\/gflenvincuat.gflenv.com\/#website","url":"https:\/\/gflenvincuat.gflenv.com\/","name":"GFL Environmental Inc.","description":"Waste Management &amp; Infrastructure Services","potentialAction":[{"@type":"SearchAction","target":{"@type":"EntryPoint","urlTemplate":"https:\/\/gflenvincuat.gflenv.com\/?s={search_term_string}"},"query-input":"required name=search_term_string"}],"inLanguage":"en-CA"}]}},"_links":{"self":[{"href":"https:\/\/gflenvincuat.gflenv.com\/fr\/wp-json\/wp\/v2\/pages\/5594"}],"collection":[{"href":"https:\/\/gflenvincuat.gflenv.com\/fr\/wp-json\/wp\/v2\/pages"}],"about":[{"href":"https:\/\/gflenvincuat.gflenv.com\/fr\/wp-json\/wp\/v2\/types\/page"}],"author":[{"embeddable":true,"href":"https:\/\/gflenvincuat.gflenv.com\/fr\/wp-json\/wp\/v2\/users\/9"}],"replies":[{"embeddable":true,"href":"https:\/\/gflenvincuat.gflenv.com\/fr\/wp-json\/wp\/v2\/comments?post=5594"}],"version-history":[{"count":0,"href":"https:\/\/gflenvincuat.gflenv.com\/fr\/wp-json\/wp\/v2\/pages\/5594\/revisions"}],"up":[{"embeddable":true,"href":"https:\/\/gflenvincuat.gflenv.com\/fr\/wp-json\/wp\/v2\/pages\/2821"}],"wp:attachment":[{"href":"https:\/\/gflenvincuat.gflenv.com\/fr\/wp-json\/wp\/v2\/media?parent=5594"}],"curies":[{"name":"wp","href":"https:\/\/api.w.org\/{rel}","templated":true}]}}