{"id":3859,"date":"2020-09-09T13:30:38","date_gmt":"2020-09-09T13:30:38","guid":{"rendered":"https:\/\/gflenvincuatgf.wpengine.com\/news-media-events-detail\/"},"modified":"2021-03-11T20:15:29","modified_gmt":"2021-03-11T20:15:29","slug":"news-media-events-detail","status":"publish","type":"page","link":"https:\/\/gflenvincuat.gflenv.com\/fr\/news-media-events-detail\/","title":{"rendered":"D\u00c9TAILS DES \u00c9V\u00c9NEMENTS M\u00c9DIATIQUES DE NOUVELLES"},"content":{"rendered":"","protected":false},"excerpt":{"rendered":"","protected":false},"author":9,"featured_media":19122,"parent":0,"menu_order":0,"comment_status":"closed","ping_status":"closed","template":"templates\/template-news-media-events-detail.php","meta":{"inline_featured_image":false},"acf":[],"yoast_head":"<!-- This site is optimized with the Yoast SEO plugin v19.6.1 - https:\/\/yoast.com\/wordpress\/plugins\/seo\/ -->\n<title>D\u00c9TAILS DES \u00c9V\u00c9NEMENTS M\u00c9DIATIQUES DE NOUVELLES - GFL Environmental Inc.<\/title>\n<meta name=\"robots\" content=\"noindex, follow, max-snippet:-1, max-image-preview:large, max-video-preview:-1\" \/>\n<meta property=\"og:locale\" content=\"en_US\" \/>\n<meta property=\"og:type\" content=\"article\" \/>\n<meta property=\"og:title\" content=\"D\u00c9TAILS DES \u00c9V\u00c9NEMENTS M\u00c9DIATIQUES DE NOUVELLES - GFL Environmental Inc.\" \/>\n<meta property=\"og:url\" content=\"https:\/\/gflenvincuat.gflenv.com\/fr\/news-media-events-detail\/\" \/>\n<meta property=\"og:site_name\" content=\"GFL Environmental Inc.\" \/>\n<meta property=\"article:modified_time\" content=\"2021-03-11T20:15:29+00:00\" \/>\n<meta property=\"og:image\" content=\"https:\/\/gflenvincuat.gflenv.com\/wp-content\/uploads\/2020\/12\/GFL-Environmental-Blog-v2.jpg\" \/>\n\t<meta property=\"og:image:width\" content=\"800\" \/>\n\t<meta property=\"og:image:height\" content=\"425\" \/>\n\t<meta property=\"og:image:type\" content=\"image\/jpeg\" \/>\n<meta name=\"twitter:card\" content=\"summary_large_image\" \/>\n<script type=\"application\/ld+json\" class=\"yoast-schema-graph\">{\"@context\":\"https:\/\/schema.org\",\"@graph\":[{\"@type\":\"WebPage\",\"@id\":\"https:\/\/gflenvincuat.gflenv.com\/fr\/news-media-events-detail\/\",\"url\":\"https:\/\/gflenvincuat.gflenv.com\/fr\/news-media-events-detail\/\",\"name\":\"D\u00c9TAILS DES \u00c9V\u00c9NEMENTS M\u00c9DIATIQUES DE NOUVELLES - GFL Environmental Inc.\",\"isPartOf\":{\"@id\":\"https:\/\/gflenvincuat.gflenv.com\/#website\"},\"datePublished\":\"2020-09-09T13:30:38+00:00\",\"dateModified\":\"2021-03-11T20:15:29+00:00\",\"breadcrumb\":{\"@id\":\"https:\/\/gflenvincuat.gflenv.com\/fr\/news-media-events-detail\/#breadcrumb\"},\"inLanguage\":\"en-CA\",\"potentialAction\":[{\"@type\":\"ReadAction\",\"target\":[\"https:\/\/gflenvincuat.gflenv.com\/fr\/news-media-events-detail\/\"]}]},{\"@type\":\"BreadcrumbList\",\"@id\":\"https:\/\/gflenvincuat.gflenv.com\/fr\/news-media-events-detail\/#breadcrumb\",\"itemListElement\":[{\"@type\":\"ListItem\",\"position\":1,\"name\":\"Home\",\"item\":\"https:\/\/gflenvincuat.gflenv.com\/\"},{\"@type\":\"ListItem\",\"position\":2,\"name\":\"D\u00c9TAILS DES \u00c9V\u00c9NEMENTS M\u00c9DIATIQUES DE NOUVELLES\"}]},{\"@type\":\"WebSite\",\"@id\":\"https:\/\/gflenvincuat.gflenv.com\/#website\",\"url\":\"https:\/\/gflenvincuat.gflenv.com\/\",\"name\":\"GFL Environmental Inc.\",\"description\":\"Waste Management &amp; Infrastructure Services\",\"potentialAction\":[{\"@type\":\"SearchAction\",\"target\":{\"@type\":\"EntryPoint\",\"urlTemplate\":\"https:\/\/gflenvincuat.gflenv.com\/?s={search_term_string}\"},\"query-input\":\"required name=search_term_string\"}],\"inLanguage\":\"en-CA\"}]}<\/script>\n<!-- \/ Yoast SEO plugin. -->","yoast_head_json":{"title":"D\u00c9TAILS DES \u00c9V\u00c9NEMENTS M\u00c9DIATIQUES DE NOUVELLES - GFL Environmental Inc.","robots":{"index":"noindex","follow":"follow","max-snippet":"max-snippet:-1","max-image-preview":"max-image-preview:large","max-video-preview":"max-video-preview:-1"},"og_locale":"en_US","og_type":"article","og_title":"D\u00c9TAILS DES \u00c9V\u00c9NEMENTS M\u00c9DIATIQUES DE NOUVELLES - GFL Environmental Inc.","og_url":"https:\/\/gflenvincuat.gflenv.com\/fr\/news-media-events-detail\/","og_site_name":"GFL Environmental Inc.","article_modified_time":"2021-03-11T20:15:29+00:00","og_image":[{"width":800,"height":425,"url":"https:\/\/gflenvincuat.gflenv.com\/wp-content\/uploads\/2020\/12\/GFL-Environmental-Blog-v2.jpg","type":"image\/jpeg"}],"twitter_card":"summary_large_image","schema":{"@context":"https:\/\/schema.org","@graph":[{"@type":"WebPage","@id":"https:\/\/gflenvincuat.gflenv.com\/fr\/news-media-events-detail\/","url":"https:\/\/gflenvincuat.gflenv.com\/fr\/news-media-events-detail\/","name":"D\u00c9TAILS DES \u00c9V\u00c9NEMENTS M\u00c9DIATIQUES DE NOUVELLES - GFL Environmental Inc.","isPartOf":{"@id":"https:\/\/gflenvincuat.gflenv.com\/#website"},"datePublished":"2020-09-09T13:30:38+00:00","dateModified":"2021-03-11T20:15:29+00:00","breadcrumb":{"@id":"https:\/\/gflenvincuat.gflenv.com\/fr\/news-media-events-detail\/#breadcrumb"},"inLanguage":"en-CA","potentialAction":[{"@type":"ReadAction","target":["https:\/\/gflenvincuat.gflenv.com\/fr\/news-media-events-detail\/"]}]},{"@type":"BreadcrumbList","@id":"https:\/\/gflenvincuat.gflenv.com\/fr\/news-media-events-detail\/#breadcrumb","itemListElement":[{"@type":"ListItem","position":1,"name":"Home","item":"https:\/\/gflenvincuat.gflenv.com\/"},{"@type":"ListItem","position":2,"name":"D\u00c9TAILS DES \u00c9V\u00c9NEMENTS M\u00c9DIATIQUES DE NOUVELLES"}]},{"@type":"WebSite","@id":"https:\/\/gflenvincuat.gflenv.com\/#website","url":"https:\/\/gflenvincuat.gflenv.com\/","name":"GFL Environmental Inc.","description":"Waste Management &amp; Infrastructure Services","potentialAction":[{"@type":"SearchAction","target":{"@type":"EntryPoint","urlTemplate":"https:\/\/gflenvincuat.gflenv.com\/?s={search_term_string}"},"query-input":"required name=search_term_string"}],"inLanguage":"en-CA"}]}},"_links":{"self":[{"href":"https:\/\/gflenvincuat.gflenv.com\/fr\/wp-json\/wp\/v2\/pages\/3859"}],"collection":[{"href":"https:\/\/gflenvincuat.gflenv.com\/fr\/wp-json\/wp\/v2\/pages"}],"about":[{"href":"https:\/\/gflenvincuat.gflenv.com\/fr\/wp-json\/wp\/v2\/types\/page"}],"author":[{"embeddable":true,"href":"https:\/\/gflenvincuat.gflenv.com\/fr\/wp-json\/wp\/v2\/users\/9"}],"replies":[{"embeddable":true,"href":"https:\/\/gflenvincuat.gflenv.com\/fr\/wp-json\/wp\/v2\/comments?post=3859"}],"version-history":[{"count":0,"href":"https:\/\/gflenvincuat.gflenv.com\/fr\/wp-json\/wp\/v2\/pages\/3859\/revisions"}],"wp:featuredmedia":[{"embeddable":true,"href":"https:\/\/gflenvincuat.gflenv.com\/fr\/wp-json\/wp\/v2\/media\/19122"}],"wp:attachment":[{"href":"https:\/\/gflenvincuat.gflenv.com\/fr\/wp-json\/wp\/v2\/media?parent=3859"}],"curies":[{"name":"wp","href":"https:\/\/api.w.org\/{rel}","templated":true}]}}