{"id":3410,"date":"2020-10-27T12:14:50","date_gmt":"2020-10-27T12:14:50","guid":{"rendered":"https:\/\/gflenvincuatgf.wpengine.com\/our-services\/for-business\/commercial-solid-waste\/roll-off-bins\/corral-guidelines\/"},"modified":"2021-03-30T19:13:06","modified_gmt":"2021-03-30T19:13:06","slug":"corral-guidelines","status":"publish","type":"page","link":"https:\/\/gflenvincuat.gflenv.com\/fr\/our-services\/for-business\/commercial-solid-waste\/rent-a-dumpster\/corral-guidelines\/","title":{"rendered":"LIGNES DIRECTRICES EN MATI\u00c8RE D\u2019ENCLOS \u00c0 CONTENEUR"},"content":{"rendered":"","protected":false},"excerpt":{"rendered":"","protected":false},"author":9,"featured_media":0,"parent":2848,"menu_order":0,"comment_status":"closed","ping_status":"closed","template":"templates\/template-level-4.php","meta":{"inline_featured_image":false},"acf":[],"yoast_head":"<!-- This site is optimized with the Yoast SEO plugin v19.6.1 - https:\/\/yoast.com\/wordpress\/plugins\/seo\/ -->\n<title>LIGNES DIRECTRICES EN MATI\u00c8RE D\u2019ENCLOS \u00c0 CONTENEUR - GFL Environmental Inc.<\/title>\n<meta name=\"description\" content=\"Un corral fournit une structure s\u00e9curis\u00e9e pour prot\u00e9ger votre benne \u00e0 ordures des \u00e9l\u00e9ments ext\u00e9rieurs. Cela peut \u00e9galement aider \u00e0 l\u2019apparence esth\u00e9tique de la benne \u00e0 ordures.\" \/>\n<meta name=\"robots\" content=\"noindex, follow, max-snippet:-1, max-image-preview:large, max-video-preview:-1\" \/>\n<meta property=\"og:locale\" content=\"en_US\" \/>\n<meta property=\"og:type\" content=\"article\" \/>\n<meta property=\"og:title\" content=\"LIGNES DIRECTRICES EN MATI\u00c8RE D\u2019ENCLOS \u00c0 CONTENEUR - GFL Environmental Inc.\" \/>\n<meta property=\"og:description\" content=\"Un corral fournit une structure s\u00e9curis\u00e9e pour prot\u00e9ger votre benne \u00e0 ordures des \u00e9l\u00e9ments ext\u00e9rieurs. Cela peut \u00e9galement aider \u00e0 l\u2019apparence esth\u00e9tique de la benne \u00e0 ordures.\" \/>\n<meta property=\"og:url\" content=\"https:\/\/gflenvincuat.gflenv.com\/fr\/our-services\/for-business\/commercial-solid-waste\/rent-a-dumpster\/corral-guidelines\/\" \/>\n<meta property=\"og:site_name\" content=\"GFL Environmental Inc.\" \/>\n<meta property=\"article:modified_time\" content=\"2021-03-30T19:13:06+00:00\" \/>\n<meta name=\"twitter:card\" content=\"summary_large_image\" \/>\n<script type=\"application\/ld+json\" class=\"yoast-schema-graph\">{\"@context\":\"https:\/\/schema.org\",\"@graph\":[{\"@type\":\"WebPage\",\"@id\":\"https:\/\/gflenvincuat.gflenv.com\/fr\/our-services\/for-business\/commercial-solid-waste\/rent-a-dumpster\/corral-guidelines\/\",\"url\":\"https:\/\/gflenvincuat.gflenv.com\/fr\/our-services\/for-business\/commercial-solid-waste\/rent-a-dumpster\/corral-guidelines\/\",\"name\":\"LIGNES DIRECTRICES EN MATI\u00c8RE D\u2019ENCLOS \u00c0 CONTENEUR - GFL Environmental Inc.\",\"isPartOf\":{\"@id\":\"https:\/\/gflenvincuat.gflenv.com\/#website\"},\"datePublished\":\"2020-10-27T12:14:50+00:00\",\"dateModified\":\"2021-03-30T19:13:06+00:00\",\"description\":\"Un corral fournit une structure s\u00e9curis\u00e9e pour prot\u00e9ger votre benne \u00e0 ordures des \u00e9l\u00e9ments ext\u00e9rieurs. Cela peut \u00e9galement aider \u00e0 l\u2019apparence esth\u00e9tique de la benne \u00e0 ordures.\",\"breadcrumb\":{\"@id\":\"https:\/\/gflenvincuat.gflenv.com\/fr\/our-services\/for-business\/commercial-solid-waste\/rent-a-dumpster\/corral-guidelines\/#breadcrumb\"},\"inLanguage\":\"en-CA\",\"potentialAction\":[{\"@type\":\"ReadAction\",\"target\":[\"https:\/\/gflenvincuat.gflenv.com\/fr\/our-services\/for-business\/commercial-solid-waste\/rent-a-dumpster\/corral-guidelines\/\"]}]},{\"@type\":\"BreadcrumbList\",\"@id\":\"https:\/\/gflenvincuat.gflenv.com\/fr\/our-services\/for-business\/commercial-solid-waste\/rent-a-dumpster\/corral-guidelines\/#breadcrumb\",\"itemListElement\":[{\"@type\":\"ListItem\",\"position\":1,\"name\":\"Home\",\"item\":\"https:\/\/gflenvincuat.gflenv.com\/\"},{\"@type\":\"ListItem\",\"position\":2,\"name\":\"SERVICES\",\"item\":\"https:\/\/gflenvincuat.gflenv.com\/fr\/our-services\/\"},{\"@type\":\"ListItem\",\"position\":3,\"name\":\"SERVICES AUX ENTREPRISES\",\"item\":\"https:\/\/gflenvincuat.gflenv.com\/fr\/our-services\/for-business\/\"},{\"@type\":\"ListItem\",\"position\":4,\"name\":\"MATI\u00c8RES R\u00c9SIDUELLES\",\"item\":\"https:\/\/gflenvincuat.gflenv.com\/fr\/our-services\/for-business\/commercial-solid-waste\/\"},{\"@type\":\"ListItem\",\"position\":5,\"name\":\"LOUER UN CONTENEUR \u00c0 D\u00c9CHETS\",\"item\":\"https:\/\/gflenvincuat.gflenv.com\/fr\/our-services\/for-business\/commercial-solid-waste\/rent-a-dumpster\/\"},{\"@type\":\"ListItem\",\"position\":6,\"name\":\"LIGNES DIRECTRICES EN MATI\u00c8RE D\u2019ENCLOS \u00c0 CONTENEUR\"}]},{\"@type\":\"WebSite\",\"@id\":\"https:\/\/gflenvincuat.gflenv.com\/#website\",\"url\":\"https:\/\/gflenvincuat.gflenv.com\/\",\"name\":\"GFL Environmental Inc.\",\"description\":\"Waste Management &amp; Infrastructure Services\",\"potentialAction\":[{\"@type\":\"SearchAction\",\"target\":{\"@type\":\"EntryPoint\",\"urlTemplate\":\"https:\/\/gflenvincuat.gflenv.com\/?s={search_term_string}\"},\"query-input\":\"required name=search_term_string\"}],\"inLanguage\":\"en-CA\"}]}<\/script>\n<!-- \/ Yoast SEO plugin. -->","yoast_head_json":{"title":"LIGNES DIRECTRICES EN MATI\u00c8RE D\u2019ENCLOS \u00c0 CONTENEUR - GFL Environmental Inc.","description":"Un corral fournit une structure s\u00e9curis\u00e9e pour prot\u00e9ger votre benne \u00e0 ordures des \u00e9l\u00e9ments ext\u00e9rieurs. Cela peut \u00e9galement aider \u00e0 l\u2019apparence esth\u00e9tique de la benne \u00e0 ordures.","robots":{"index":"noindex","follow":"follow","max-snippet":"max-snippet:-1","max-image-preview":"max-image-preview:large","max-video-preview":"max-video-preview:-1"},"og_locale":"en_US","og_type":"article","og_title":"LIGNES DIRECTRICES EN MATI\u00c8RE D\u2019ENCLOS \u00c0 CONTENEUR - GFL Environmental Inc.","og_description":"Un corral fournit une structure s\u00e9curis\u00e9e pour prot\u00e9ger votre benne \u00e0 ordures des \u00e9l\u00e9ments ext\u00e9rieurs. Cela peut \u00e9galement aider \u00e0 l\u2019apparence esth\u00e9tique de la benne \u00e0 ordures.","og_url":"https:\/\/gflenvincuat.gflenv.com\/fr\/our-services\/for-business\/commercial-solid-waste\/rent-a-dumpster\/corral-guidelines\/","og_site_name":"GFL Environmental Inc.","article_modified_time":"2021-03-30T19:13:06+00:00","twitter_card":"summary_large_image","schema":{"@context":"https:\/\/schema.org","@graph":[{"@type":"WebPage","@id":"https:\/\/gflenvincuat.gflenv.com\/fr\/our-services\/for-business\/commercial-solid-waste\/rent-a-dumpster\/corral-guidelines\/","url":"https:\/\/gflenvincuat.gflenv.com\/fr\/our-services\/for-business\/commercial-solid-waste\/rent-a-dumpster\/corral-guidelines\/","name":"LIGNES DIRECTRICES EN MATI\u00c8RE D\u2019ENCLOS \u00c0 CONTENEUR - GFL Environmental Inc.","isPartOf":{"@id":"https:\/\/gflenvincuat.gflenv.com\/#website"},"datePublished":"2020-10-27T12:14:50+00:00","dateModified":"2021-03-30T19:13:06+00:00","description":"Un corral fournit une structure s\u00e9curis\u00e9e pour prot\u00e9ger votre benne \u00e0 ordures des \u00e9l\u00e9ments ext\u00e9rieurs. Cela peut \u00e9galement aider \u00e0 l\u2019apparence esth\u00e9tique de la benne \u00e0 ordures.","breadcrumb":{"@id":"https:\/\/gflenvincuat.gflenv.com\/fr\/our-services\/for-business\/commercial-solid-waste\/rent-a-dumpster\/corral-guidelines\/#breadcrumb"},"inLanguage":"en-CA","potentialAction":[{"@type":"ReadAction","target":["https:\/\/gflenvincuat.gflenv.com\/fr\/our-services\/for-business\/commercial-solid-waste\/rent-a-dumpster\/corral-guidelines\/"]}]},{"@type":"BreadcrumbList","@id":"https:\/\/gflenvincuat.gflenv.com\/fr\/our-services\/for-business\/commercial-solid-waste\/rent-a-dumpster\/corral-guidelines\/#breadcrumb","itemListElement":[{"@type":"ListItem","position":1,"name":"Home","item":"https:\/\/gflenvincuat.gflenv.com\/"},{"@type":"ListItem","position":2,"name":"SERVICES","item":"https:\/\/gflenvincuat.gflenv.com\/fr\/our-services\/"},{"@type":"ListItem","position":3,"name":"SERVICES AUX ENTREPRISES","item":"https:\/\/gflenvincuat.gflenv.com\/fr\/our-services\/for-business\/"},{"@type":"ListItem","position":4,"name":"MATI\u00c8RES R\u00c9SIDUELLES","item":"https:\/\/gflenvincuat.gflenv.com\/fr\/our-services\/for-business\/commercial-solid-waste\/"},{"@type":"ListItem","position":5,"name":"LOUER UN CONTENEUR \u00c0 D\u00c9CHETS","item":"https:\/\/gflenvincuat.gflenv.com\/fr\/our-services\/for-business\/commercial-solid-waste\/rent-a-dumpster\/"},{"@type":"ListItem","position":6,"name":"LIGNES DIRECTRICES EN MATI\u00c8RE D\u2019ENCLOS \u00c0 CONTENEUR"}]},{"@type":"WebSite","@id":"https:\/\/gflenvincuat.gflenv.com\/#website","url":"https:\/\/gflenvincuat.gflenv.com\/","name":"GFL Environmental Inc.","description":"Waste Management &amp; Infrastructure Services","potentialAction":[{"@type":"SearchAction","target":{"@type":"EntryPoint","urlTemplate":"https:\/\/gflenvincuat.gflenv.com\/?s={search_term_string}"},"query-input":"required name=search_term_string"}],"inLanguage":"en-CA"}]}},"_links":{"self":[{"href":"https:\/\/gflenvincuat.gflenv.com\/fr\/wp-json\/wp\/v2\/pages\/3410"}],"collection":[{"href":"https:\/\/gflenvincuat.gflenv.com\/fr\/wp-json\/wp\/v2\/pages"}],"about":[{"href":"https:\/\/gflenvincuat.gflenv.com\/fr\/wp-json\/wp\/v2\/types\/page"}],"author":[{"embeddable":true,"href":"https:\/\/gflenvincuat.gflenv.com\/fr\/wp-json\/wp\/v2\/users\/9"}],"replies":[{"embeddable":true,"href":"https:\/\/gflenvincuat.gflenv.com\/fr\/wp-json\/wp\/v2\/comments?post=3410"}],"version-history":[{"count":0,"href":"https:\/\/gflenvincuat.gflenv.com\/fr\/wp-json\/wp\/v2\/pages\/3410\/revisions"}],"up":[{"embeddable":true,"href":"https:\/\/gflenvincuat.gflenv.com\/fr\/wp-json\/wp\/v2\/pages\/2848"}],"wp:attachment":[{"href":"https:\/\/gflenvincuat.gflenv.com\/fr\/wp-json\/wp\/v2\/media?parent=3410"}],"curies":[{"name":"wp","href":"https:\/\/api.w.org\/{rel}","templated":true}]}}