{"id":3392,"date":"2020-10-27T10:06:43","date_gmt":"2020-10-27T10:06:43","guid":{"rendered":"https:\/\/gflenvincuatgf.wpengine.com\/our-services\/for-business\/commercial-solid-waste\/roll-off-bins\/2-yard\/"},"modified":"2021-03-11T20:04:23","modified_gmt":"2021-03-11T20:04:23","slug":"2-yard","status":"publish","type":"page","link":"https:\/\/gflenvincuat.gflenv.com\/fr\/our-services\/for-business\/commercial-solid-waste\/rent-a-dumpster\/2-yard\/","title":{"rendered":"2 VERGES"},"content":{"rendered":"","protected":false},"excerpt":{"rendered":"","protected":false},"author":9,"featured_media":0,"parent":2848,"menu_order":0,"comment_status":"closed","ping_status":"closed","template":"templates\/template-level-4.php","meta":{"inline_featured_image":false},"acf":[],"yoast_head":"<!-- This site is optimized with the Yoast SEO plugin v19.6.1 - https:\/\/yoast.com\/wordpress\/plugins\/seo\/ -->\n<title>2 VERGES - GFL Environmental Inc.<\/title>\n<meta name=\"description\" content=\"GFL offre des bennes \u00e0 d\u00e9chets de 2-yard pour que votre entreprise puisse jeter vos d\u00e9chets de mani\u00e8re \u00e9cologiquement durable. Achetez-en un d\u00e8s aujourd\u2019hui!\" \/>\n<meta name=\"robots\" content=\"noindex, follow, max-snippet:-1, max-image-preview:large, max-video-preview:-1\" \/>\n<meta property=\"og:locale\" content=\"en_US\" \/>\n<meta property=\"og:type\" content=\"article\" \/>\n<meta property=\"og:title\" content=\"2 VERGES - GFL Environmental Inc.\" \/>\n<meta property=\"og:description\" content=\"GFL offre des bennes \u00e0 d\u00e9chets de 2-yard pour que votre entreprise puisse jeter vos d\u00e9chets de mani\u00e8re \u00e9cologiquement durable. Achetez-en un d\u00e8s aujourd\u2019hui!\" \/>\n<meta property=\"og:url\" content=\"https:\/\/gflenvincuat.gflenv.com\/fr\/our-services\/for-business\/commercial-solid-waste\/rent-a-dumpster\/2-yard\/\" \/>\n<meta property=\"og:site_name\" content=\"GFL Environmental Inc.\" \/>\n<meta property=\"article:modified_time\" content=\"2021-03-11T20:04:23+00:00\" \/>\n<meta name=\"twitter:card\" content=\"summary_large_image\" \/>\n<script type=\"application\/ld+json\" class=\"yoast-schema-graph\">{\"@context\":\"https:\/\/schema.org\",\"@graph\":[{\"@type\":\"WebPage\",\"@id\":\"https:\/\/gflenvincuat.gflenv.com\/fr\/our-services\/for-business\/commercial-solid-waste\/rent-a-dumpster\/2-yard\/\",\"url\":\"https:\/\/gflenvincuat.gflenv.com\/fr\/our-services\/for-business\/commercial-solid-waste\/rent-a-dumpster\/2-yard\/\",\"name\":\"2 VERGES - GFL Environmental Inc.\",\"isPartOf\":{\"@id\":\"https:\/\/gflenvincuat.gflenv.com\/#website\"},\"datePublished\":\"2020-10-27T10:06:43+00:00\",\"dateModified\":\"2021-03-11T20:04:23+00:00\",\"description\":\"GFL offre des bennes \u00e0 d\u00e9chets de 2-yard pour que votre entreprise puisse jeter vos d\u00e9chets de mani\u00e8re \u00e9cologiquement durable. Achetez-en un d\u00e8s aujourd\u2019hui!\",\"breadcrumb\":{\"@id\":\"https:\/\/gflenvincuat.gflenv.com\/fr\/our-services\/for-business\/commercial-solid-waste\/rent-a-dumpster\/2-yard\/#breadcrumb\"},\"inLanguage\":\"en-CA\",\"potentialAction\":[{\"@type\":\"ReadAction\",\"target\":[\"https:\/\/gflenvincuat.gflenv.com\/fr\/our-services\/for-business\/commercial-solid-waste\/rent-a-dumpster\/2-yard\/\"]}]},{\"@type\":\"BreadcrumbList\",\"@id\":\"https:\/\/gflenvincuat.gflenv.com\/fr\/our-services\/for-business\/commercial-solid-waste\/rent-a-dumpster\/2-yard\/#breadcrumb\",\"itemListElement\":[{\"@type\":\"ListItem\",\"position\":1,\"name\":\"Home\",\"item\":\"https:\/\/gflenvincuat.gflenv.com\/\"},{\"@type\":\"ListItem\",\"position\":2,\"name\":\"SERVICES\",\"item\":\"https:\/\/gflenvincuat.gflenv.com\/fr\/our-services\/\"},{\"@type\":\"ListItem\",\"position\":3,\"name\":\"SERVICES AUX ENTREPRISES\",\"item\":\"https:\/\/gflenvincuat.gflenv.com\/fr\/our-services\/for-business\/\"},{\"@type\":\"ListItem\",\"position\":4,\"name\":\"MATI\u00c8RES R\u00c9SIDUELLES\",\"item\":\"https:\/\/gflenvincuat.gflenv.com\/fr\/our-services\/for-business\/commercial-solid-waste\/\"},{\"@type\":\"ListItem\",\"position\":5,\"name\":\"LOUER UN CONTENEUR \u00c0 D\u00c9CHETS\",\"item\":\"https:\/\/gflenvincuat.gflenv.com\/fr\/our-services\/for-business\/commercial-solid-waste\/rent-a-dumpster\/\"},{\"@type\":\"ListItem\",\"position\":6,\"name\":\"2 VERGES\"}]},{\"@type\":\"WebSite\",\"@id\":\"https:\/\/gflenvincuat.gflenv.com\/#website\",\"url\":\"https:\/\/gflenvincuat.gflenv.com\/\",\"name\":\"GFL Environmental Inc.\",\"description\":\"Waste Management &amp; Infrastructure Services\",\"potentialAction\":[{\"@type\":\"SearchAction\",\"target\":{\"@type\":\"EntryPoint\",\"urlTemplate\":\"https:\/\/gflenvincuat.gflenv.com\/?s={search_term_string}\"},\"query-input\":\"required name=search_term_string\"}],\"inLanguage\":\"en-CA\"}]}<\/script>\n<!-- \/ Yoast SEO plugin. -->","yoast_head_json":{"title":"2 VERGES - GFL Environmental Inc.","description":"GFL offre des bennes \u00e0 d\u00e9chets de 2-yard pour que votre entreprise puisse jeter vos d\u00e9chets de mani\u00e8re \u00e9cologiquement durable. Achetez-en un d\u00e8s aujourd\u2019hui!","robots":{"index":"noindex","follow":"follow","max-snippet":"max-snippet:-1","max-image-preview":"max-image-preview:large","max-video-preview":"max-video-preview:-1"},"og_locale":"en_US","og_type":"article","og_title":"2 VERGES - GFL Environmental Inc.","og_description":"GFL offre des bennes \u00e0 d\u00e9chets de 2-yard pour que votre entreprise puisse jeter vos d\u00e9chets de mani\u00e8re \u00e9cologiquement durable. Achetez-en un d\u00e8s aujourd\u2019hui!","og_url":"https:\/\/gflenvincuat.gflenv.com\/fr\/our-services\/for-business\/commercial-solid-waste\/rent-a-dumpster\/2-yard\/","og_site_name":"GFL Environmental Inc.","article_modified_time":"2021-03-11T20:04:23+00:00","twitter_card":"summary_large_image","schema":{"@context":"https:\/\/schema.org","@graph":[{"@type":"WebPage","@id":"https:\/\/gflenvincuat.gflenv.com\/fr\/our-services\/for-business\/commercial-solid-waste\/rent-a-dumpster\/2-yard\/","url":"https:\/\/gflenvincuat.gflenv.com\/fr\/our-services\/for-business\/commercial-solid-waste\/rent-a-dumpster\/2-yard\/","name":"2 VERGES - GFL Environmental Inc.","isPartOf":{"@id":"https:\/\/gflenvincuat.gflenv.com\/#website"},"datePublished":"2020-10-27T10:06:43+00:00","dateModified":"2021-03-11T20:04:23+00:00","description":"GFL offre des bennes \u00e0 d\u00e9chets de 2-yard pour que votre entreprise puisse jeter vos d\u00e9chets de mani\u00e8re \u00e9cologiquement durable. Achetez-en un d\u00e8s aujourd\u2019hui!","breadcrumb":{"@id":"https:\/\/gflenvincuat.gflenv.com\/fr\/our-services\/for-business\/commercial-solid-waste\/rent-a-dumpster\/2-yard\/#breadcrumb"},"inLanguage":"en-CA","potentialAction":[{"@type":"ReadAction","target":["https:\/\/gflenvincuat.gflenv.com\/fr\/our-services\/for-business\/commercial-solid-waste\/rent-a-dumpster\/2-yard\/"]}]},{"@type":"BreadcrumbList","@id":"https:\/\/gflenvincuat.gflenv.com\/fr\/our-services\/for-business\/commercial-solid-waste\/rent-a-dumpster\/2-yard\/#breadcrumb","itemListElement":[{"@type":"ListItem","position":1,"name":"Home","item":"https:\/\/gflenvincuat.gflenv.com\/"},{"@type":"ListItem","position":2,"name":"SERVICES","item":"https:\/\/gflenvincuat.gflenv.com\/fr\/our-services\/"},{"@type":"ListItem","position":3,"name":"SERVICES AUX ENTREPRISES","item":"https:\/\/gflenvincuat.gflenv.com\/fr\/our-services\/for-business\/"},{"@type":"ListItem","position":4,"name":"MATI\u00c8RES R\u00c9SIDUELLES","item":"https:\/\/gflenvincuat.gflenv.com\/fr\/our-services\/for-business\/commercial-solid-waste\/"},{"@type":"ListItem","position":5,"name":"LOUER UN CONTENEUR \u00c0 D\u00c9CHETS","item":"https:\/\/gflenvincuat.gflenv.com\/fr\/our-services\/for-business\/commercial-solid-waste\/rent-a-dumpster\/"},{"@type":"ListItem","position":6,"name":"2 VERGES"}]},{"@type":"WebSite","@id":"https:\/\/gflenvincuat.gflenv.com\/#website","url":"https:\/\/gflenvincuat.gflenv.com\/","name":"GFL Environmental Inc.","description":"Waste Management &amp; Infrastructure Services","potentialAction":[{"@type":"SearchAction","target":{"@type":"EntryPoint","urlTemplate":"https:\/\/gflenvincuat.gflenv.com\/?s={search_term_string}"},"query-input":"required name=search_term_string"}],"inLanguage":"en-CA"}]}},"_links":{"self":[{"href":"https:\/\/gflenvincuat.gflenv.com\/fr\/wp-json\/wp\/v2\/pages\/3392"}],"collection":[{"href":"https:\/\/gflenvincuat.gflenv.com\/fr\/wp-json\/wp\/v2\/pages"}],"about":[{"href":"https:\/\/gflenvincuat.gflenv.com\/fr\/wp-json\/wp\/v2\/types\/page"}],"author":[{"embeddable":true,"href":"https:\/\/gflenvincuat.gflenv.com\/fr\/wp-json\/wp\/v2\/users\/9"}],"replies":[{"embeddable":true,"href":"https:\/\/gflenvincuat.gflenv.com\/fr\/wp-json\/wp\/v2\/comments?post=3392"}],"version-history":[{"count":0,"href":"https:\/\/gflenvincuat.gflenv.com\/fr\/wp-json\/wp\/v2\/pages\/3392\/revisions"}],"up":[{"embeddable":true,"href":"https:\/\/gflenvincuat.gflenv.com\/fr\/wp-json\/wp\/v2\/pages\/2848"}],"wp:attachment":[{"href":"https:\/\/gflenvincuat.gflenv.com\/fr\/wp-json\/wp\/v2\/media?parent=3392"}],"curies":[{"name":"wp","href":"https:\/\/api.w.org\/{rel}","templated":true}]}}