{"id":3022,"date":"2020-10-13T17:33:23","date_gmt":"2020-10-13T17:33:23","guid":{"rendered":"https:\/\/gflenvincuatgf.wpengine.com\/our-services\/for-business\/commercial-liquid-special-waste\/specialized-services-industrial-cleaning\/confined-space-entry\/"},"modified":"2021-03-29T13:46:57","modified_gmt":"2021-03-29T13:46:57","slug":"confined-space-entry","status":"publish","type":"page","link":"https:\/\/gflenvincuat.gflenv.com\/fr\/our-services\/for-business\/commercial-liquid-special-waste\/specialized-services-industrial-cleaning\/confined-space-entry\/","title":{"rendered":"ENTR\u00c9E DANS UN ESPACE CLOS"},"content":{"rendered":"","protected":false},"excerpt":{"rendered":"","protected":false},"author":9,"featured_media":0,"parent":2933,"menu_order":0,"comment_status":"closed","ping_status":"closed","template":"templates\/template-level-4.php","meta":{"inline_featured_image":false},"acf":[],"yoast_head":"<!-- This site is optimized with the Yoast SEO plugin v19.6.1 - https:\/\/yoast.com\/wordpress\/plugins\/seo\/ -->\n<title>ENTR\u00c9E DANS UN ESPACE CLOS - GFL Environmental Inc.<\/title>\n<meta name=\"description\" content=\"Les techniciens d\u2019entr\u00e9e en espace clos de GFL sont sp\u00e9cialement form\u00e9s pour effectuer en toute s\u00e9curit\u00e9 la surveillance de l\u2019air, l\u2019arr\u00eat des chutes, la ventilation, la protection individuelle et plus encore.\" \/>\n<meta name=\"robots\" content=\"noindex, follow, max-snippet:-1, max-image-preview:large, max-video-preview:-1\" \/>\n<meta property=\"og:locale\" content=\"en_US\" \/>\n<meta property=\"og:type\" content=\"article\" \/>\n<meta property=\"og:title\" content=\"ENTR\u00c9E DANS UN ESPACE CLOS - GFL Environmental Inc.\" \/>\n<meta property=\"og:description\" content=\"Les techniciens d\u2019entr\u00e9e en espace clos de GFL sont sp\u00e9cialement form\u00e9s pour effectuer en toute s\u00e9curit\u00e9 la surveillance de l\u2019air, l\u2019arr\u00eat des chutes, la ventilation, la protection individuelle et plus encore.\" \/>\n<meta property=\"og:url\" content=\"https:\/\/gflenvincuat.gflenv.com\/fr\/our-services\/for-business\/commercial-liquid-special-waste\/specialized-services-industrial-cleaning\/confined-space-entry\/\" \/>\n<meta property=\"og:site_name\" content=\"GFL Environmental Inc.\" \/>\n<meta property=\"article:modified_time\" content=\"2021-03-29T13:46:57+00:00\" \/>\n<meta name=\"twitter:card\" content=\"summary_large_image\" \/>\n<script type=\"application\/ld+json\" class=\"yoast-schema-graph\">{\"@context\":\"https:\/\/schema.org\",\"@graph\":[{\"@type\":\"WebPage\",\"@id\":\"https:\/\/gflenvincuat.gflenv.com\/fr\/our-services\/for-business\/commercial-liquid-special-waste\/specialized-services-industrial-cleaning\/confined-space-entry\/\",\"url\":\"https:\/\/gflenvincuat.gflenv.com\/fr\/our-services\/for-business\/commercial-liquid-special-waste\/specialized-services-industrial-cleaning\/confined-space-entry\/\",\"name\":\"ENTR\u00c9E DANS UN ESPACE CLOS - GFL Environmental Inc.\",\"isPartOf\":{\"@id\":\"https:\/\/gflenvincuat.gflenv.com\/#website\"},\"datePublished\":\"2020-10-13T17:33:23+00:00\",\"dateModified\":\"2021-03-29T13:46:57+00:00\",\"description\":\"Les techniciens d\u2019entr\u00e9e en espace clos de GFL sont sp\u00e9cialement form\u00e9s pour effectuer en toute s\u00e9curit\u00e9 la surveillance de l\u2019air, l\u2019arr\u00eat des chutes, la ventilation, la protection individuelle et plus encore.\",\"breadcrumb\":{\"@id\":\"https:\/\/gflenvincuat.gflenv.com\/fr\/our-services\/for-business\/commercial-liquid-special-waste\/specialized-services-industrial-cleaning\/confined-space-entry\/#breadcrumb\"},\"inLanguage\":\"en-CA\",\"potentialAction\":[{\"@type\":\"ReadAction\",\"target\":[\"https:\/\/gflenvincuat.gflenv.com\/fr\/our-services\/for-business\/commercial-liquid-special-waste\/specialized-services-industrial-cleaning\/confined-space-entry\/\"]}]},{\"@type\":\"BreadcrumbList\",\"@id\":\"https:\/\/gflenvincuat.gflenv.com\/fr\/our-services\/for-business\/commercial-liquid-special-waste\/specialized-services-industrial-cleaning\/confined-space-entry\/#breadcrumb\",\"itemListElement\":[{\"@type\":\"ListItem\",\"position\":1,\"name\":\"Home\",\"item\":\"https:\/\/gflenvincuat.gflenv.com\/\"},{\"@type\":\"ListItem\",\"position\":2,\"name\":\"SERVICES\",\"item\":\"https:\/\/gflenvincuat.gflenv.com\/fr\/our-services\/\"},{\"@type\":\"ListItem\",\"position\":3,\"name\":\"SERVICES AUX ENTREPRISES\",\"item\":\"https:\/\/gflenvincuat.gflenv.com\/fr\/our-services\/for-business\/\"},{\"@type\":\"ListItem\",\"position\":4,\"name\":\"D\u00c9CHETS LIQUIDES ET SP\u00c9CIAUX\",\"item\":\"https:\/\/gflenvincuat.gflenv.com\/fr\/our-services\/for-business\/commercial-liquid-special-waste\/\"},{\"@type\":\"ListItem\",\"position\":5,\"name\":\"SERVICES SP\u00c9CIALIS\u00c9S ET NETTOYAGE INDUSTRIEL\",\"item\":\"https:\/\/gflenvincuat.gflenv.com\/fr\/our-services\/for-business\/commercial-liquid-special-waste\/specialized-services-industrial-cleaning\/\"},{\"@type\":\"ListItem\",\"position\":6,\"name\":\"ENTR\u00c9E DANS UN ESPACE CLOS\"}]},{\"@type\":\"WebSite\",\"@id\":\"https:\/\/gflenvincuat.gflenv.com\/#website\",\"url\":\"https:\/\/gflenvincuat.gflenv.com\/\",\"name\":\"GFL Environmental Inc.\",\"description\":\"Waste Management &amp; Infrastructure Services\",\"potentialAction\":[{\"@type\":\"SearchAction\",\"target\":{\"@type\":\"EntryPoint\",\"urlTemplate\":\"https:\/\/gflenvincuat.gflenv.com\/?s={search_term_string}\"},\"query-input\":\"required name=search_term_string\"}],\"inLanguage\":\"en-CA\"}]}<\/script>\n<!-- \/ Yoast SEO plugin. -->","yoast_head_json":{"title":"ENTR\u00c9E DANS UN ESPACE CLOS - GFL Environmental Inc.","description":"Les techniciens d\u2019entr\u00e9e en espace clos de GFL sont sp\u00e9cialement form\u00e9s pour effectuer en toute s\u00e9curit\u00e9 la surveillance de l\u2019air, l\u2019arr\u00eat des chutes, la ventilation, la protection individuelle et plus encore.","robots":{"index":"noindex","follow":"follow","max-snippet":"max-snippet:-1","max-image-preview":"max-image-preview:large","max-video-preview":"max-video-preview:-1"},"og_locale":"en_US","og_type":"article","og_title":"ENTR\u00c9E DANS UN ESPACE CLOS - GFL Environmental Inc.","og_description":"Les techniciens d\u2019entr\u00e9e en espace clos de GFL sont sp\u00e9cialement form\u00e9s pour effectuer en toute s\u00e9curit\u00e9 la surveillance de l\u2019air, l\u2019arr\u00eat des chutes, la ventilation, la protection individuelle et plus encore.","og_url":"https:\/\/gflenvincuat.gflenv.com\/fr\/our-services\/for-business\/commercial-liquid-special-waste\/specialized-services-industrial-cleaning\/confined-space-entry\/","og_site_name":"GFL Environmental Inc.","article_modified_time":"2021-03-29T13:46:57+00:00","twitter_card":"summary_large_image","schema":{"@context":"https:\/\/schema.org","@graph":[{"@type":"WebPage","@id":"https:\/\/gflenvincuat.gflenv.com\/fr\/our-services\/for-business\/commercial-liquid-special-waste\/specialized-services-industrial-cleaning\/confined-space-entry\/","url":"https:\/\/gflenvincuat.gflenv.com\/fr\/our-services\/for-business\/commercial-liquid-special-waste\/specialized-services-industrial-cleaning\/confined-space-entry\/","name":"ENTR\u00c9E DANS UN ESPACE CLOS - GFL Environmental Inc.","isPartOf":{"@id":"https:\/\/gflenvincuat.gflenv.com\/#website"},"datePublished":"2020-10-13T17:33:23+00:00","dateModified":"2021-03-29T13:46:57+00:00","description":"Les techniciens d\u2019entr\u00e9e en espace clos de GFL sont sp\u00e9cialement form\u00e9s pour effectuer en toute s\u00e9curit\u00e9 la surveillance de l\u2019air, l\u2019arr\u00eat des chutes, la ventilation, la protection individuelle et plus encore.","breadcrumb":{"@id":"https:\/\/gflenvincuat.gflenv.com\/fr\/our-services\/for-business\/commercial-liquid-special-waste\/specialized-services-industrial-cleaning\/confined-space-entry\/#breadcrumb"},"inLanguage":"en-CA","potentialAction":[{"@type":"ReadAction","target":["https:\/\/gflenvincuat.gflenv.com\/fr\/our-services\/for-business\/commercial-liquid-special-waste\/specialized-services-industrial-cleaning\/confined-space-entry\/"]}]},{"@type":"BreadcrumbList","@id":"https:\/\/gflenvincuat.gflenv.com\/fr\/our-services\/for-business\/commercial-liquid-special-waste\/specialized-services-industrial-cleaning\/confined-space-entry\/#breadcrumb","itemListElement":[{"@type":"ListItem","position":1,"name":"Home","item":"https:\/\/gflenvincuat.gflenv.com\/"},{"@type":"ListItem","position":2,"name":"SERVICES","item":"https:\/\/gflenvincuat.gflenv.com\/fr\/our-services\/"},{"@type":"ListItem","position":3,"name":"SERVICES AUX ENTREPRISES","item":"https:\/\/gflenvincuat.gflenv.com\/fr\/our-services\/for-business\/"},{"@type":"ListItem","position":4,"name":"D\u00c9CHETS LIQUIDES ET SP\u00c9CIAUX","item":"https:\/\/gflenvincuat.gflenv.com\/fr\/our-services\/for-business\/commercial-liquid-special-waste\/"},{"@type":"ListItem","position":5,"name":"SERVICES SP\u00c9CIALIS\u00c9S ET NETTOYAGE INDUSTRIEL","item":"https:\/\/gflenvincuat.gflenv.com\/fr\/our-services\/for-business\/commercial-liquid-special-waste\/specialized-services-industrial-cleaning\/"},{"@type":"ListItem","position":6,"name":"ENTR\u00c9E DANS UN ESPACE CLOS"}]},{"@type":"WebSite","@id":"https:\/\/gflenvincuat.gflenv.com\/#website","url":"https:\/\/gflenvincuat.gflenv.com\/","name":"GFL Environmental Inc.","description":"Waste Management &amp; Infrastructure Services","potentialAction":[{"@type":"SearchAction","target":{"@type":"EntryPoint","urlTemplate":"https:\/\/gflenvincuat.gflenv.com\/?s={search_term_string}"},"query-input":"required name=search_term_string"}],"inLanguage":"en-CA"}]}},"_links":{"self":[{"href":"https:\/\/gflenvincuat.gflenv.com\/fr\/wp-json\/wp\/v2\/pages\/3022"}],"collection":[{"href":"https:\/\/gflenvincuat.gflenv.com\/fr\/wp-json\/wp\/v2\/pages"}],"about":[{"href":"https:\/\/gflenvincuat.gflenv.com\/fr\/wp-json\/wp\/v2\/types\/page"}],"author":[{"embeddable":true,"href":"https:\/\/gflenvincuat.gflenv.com\/fr\/wp-json\/wp\/v2\/users\/9"}],"replies":[{"embeddable":true,"href":"https:\/\/gflenvincuat.gflenv.com\/fr\/wp-json\/wp\/v2\/comments?post=3022"}],"version-history":[{"count":0,"href":"https:\/\/gflenvincuat.gflenv.com\/fr\/wp-json\/wp\/v2\/pages\/3022\/revisions"}],"up":[{"embeddable":true,"href":"https:\/\/gflenvincuat.gflenv.com\/fr\/wp-json\/wp\/v2\/pages\/2933"}],"wp:attachment":[{"href":"https:\/\/gflenvincuat.gflenv.com\/fr\/wp-json\/wp\/v2\/media?parent=3022"}],"curies":[{"name":"wp","href":"https:\/\/api.w.org\/{rel}","templated":true}]}}