{"id":2878,"date":"2020-10-13T14:46:19","date_gmt":"2020-10-13T14:46:19","guid":{"rendered":"https:\/\/gflenvincuatgf.wpengine.com\/our-services\/for-business\/commercial-solid-waste\/compactors\/precusher\/"},"modified":"2021-05-24T19:30:48","modified_gmt":"2021-05-24T19:30:48","slug":"precrusher","status":"publish","type":"page","link":"https:\/\/gflenvincuat.gflenv.com\/fr\/our-services\/for-business\/commercial-solid-waste\/compactors\/precrusher\/","title":{"rendered":"PR\u00c9-BROYEURS"},"content":{"rendered":"","protected":false},"excerpt":{"rendered":"","protected":false},"author":9,"featured_media":0,"parent":2845,"menu_order":0,"comment_status":"closed","ping_status":"closed","template":"templates\/template-level-4.php","meta":{"inline_featured_image":false},"acf":[],"yoast_head":"<!-- This site is optimized with the Yoast SEO plugin v19.6.1 - https:\/\/yoast.com\/wordpress\/plugins\/seo\/ -->\n<title>PR\u00c9-BROYEURS - GFL Environmental Inc.<\/title>\n<meta name=\"description\" content=\"Les compacteurs de pr\u00e9-broyeur d\u00e9composent de grandes quantit\u00e9s de d\u00e9chets secs et humides, y compris les mat\u00e9riaux robustes comme les caisses, les barils, les appareils et les ferrailles en acier. En savoir plus.\" \/>\n<meta name=\"robots\" content=\"noindex, follow, max-snippet:-1, max-image-preview:large, max-video-preview:-1\" \/>\n<meta property=\"og:locale\" content=\"en_US\" \/>\n<meta property=\"og:type\" content=\"article\" \/>\n<meta property=\"og:title\" content=\"PR\u00c9-BROYEURS - GFL Environmental Inc.\" \/>\n<meta property=\"og:description\" content=\"Les compacteurs de pr\u00e9-broyeur d\u00e9composent de grandes quantit\u00e9s de d\u00e9chets secs et humides, y compris les mat\u00e9riaux robustes comme les caisses, les barils, les appareils et les ferrailles en acier. En savoir plus.\" \/>\n<meta property=\"og:url\" content=\"https:\/\/gflenvincuat.gflenv.com\/fr\/our-services\/for-business\/commercial-solid-waste\/compactors\/precrusher\/\" \/>\n<meta property=\"og:site_name\" content=\"GFL Environmental Inc.\" \/>\n<meta property=\"article:modified_time\" content=\"2021-05-24T19:30:48+00:00\" \/>\n<meta name=\"twitter:card\" content=\"summary_large_image\" \/>\n<script type=\"application\/ld+json\" class=\"yoast-schema-graph\">{\"@context\":\"https:\/\/schema.org\",\"@graph\":[{\"@type\":\"WebPage\",\"@id\":\"https:\/\/gflenvincuat.gflenv.com\/fr\/our-services\/for-business\/commercial-solid-waste\/compactors\/precrusher\/\",\"url\":\"https:\/\/gflenvincuat.gflenv.com\/fr\/our-services\/for-business\/commercial-solid-waste\/compactors\/precrusher\/\",\"name\":\"PR\u00c9-BROYEURS - GFL Environmental Inc.\",\"isPartOf\":{\"@id\":\"https:\/\/gflenvincuat.gflenv.com\/#website\"},\"datePublished\":\"2020-10-13T14:46:19+00:00\",\"dateModified\":\"2021-05-24T19:30:48+00:00\",\"description\":\"Les compacteurs de pr\u00e9-broyeur d\u00e9composent de grandes quantit\u00e9s de d\u00e9chets secs et humides, y compris les mat\u00e9riaux robustes comme les caisses, les barils, les appareils et les ferrailles en acier. En savoir plus.\",\"breadcrumb\":{\"@id\":\"https:\/\/gflenvincuat.gflenv.com\/fr\/our-services\/for-business\/commercial-solid-waste\/compactors\/precrusher\/#breadcrumb\"},\"inLanguage\":\"en-CA\",\"potentialAction\":[{\"@type\":\"ReadAction\",\"target\":[\"https:\/\/gflenvincuat.gflenv.com\/fr\/our-services\/for-business\/commercial-solid-waste\/compactors\/precrusher\/\"]}]},{\"@type\":\"BreadcrumbList\",\"@id\":\"https:\/\/gflenvincuat.gflenv.com\/fr\/our-services\/for-business\/commercial-solid-waste\/compactors\/precrusher\/#breadcrumb\",\"itemListElement\":[{\"@type\":\"ListItem\",\"position\":1,\"name\":\"Home\",\"item\":\"https:\/\/gflenvincuat.gflenv.com\/\"},{\"@type\":\"ListItem\",\"position\":2,\"name\":\"SERVICES\",\"item\":\"https:\/\/gflenvincuat.gflenv.com\/fr\/our-services\/\"},{\"@type\":\"ListItem\",\"position\":3,\"name\":\"SERVICES AUX ENTREPRISES\",\"item\":\"https:\/\/gflenvincuat.gflenv.com\/fr\/our-services\/for-business\/\"},{\"@type\":\"ListItem\",\"position\":4,\"name\":\"MATI\u00c8RES R\u00c9SIDUELLES\",\"item\":\"https:\/\/gflenvincuat.gflenv.com\/fr\/our-services\/for-business\/commercial-solid-waste\/\"},{\"@type\":\"ListItem\",\"position\":5,\"name\":\"COMPACTEURS\",\"item\":\"https:\/\/gflenvincuat.gflenv.com\/fr\/our-services\/for-business\/commercial-solid-waste\/compactors\/\"},{\"@type\":\"ListItem\",\"position\":6,\"name\":\"PR\u00c9-BROYEURS\"}]},{\"@type\":\"WebSite\",\"@id\":\"https:\/\/gflenvincuat.gflenv.com\/#website\",\"url\":\"https:\/\/gflenvincuat.gflenv.com\/\",\"name\":\"GFL Environmental Inc.\",\"description\":\"Waste Management &amp; Infrastructure Services\",\"potentialAction\":[{\"@type\":\"SearchAction\",\"target\":{\"@type\":\"EntryPoint\",\"urlTemplate\":\"https:\/\/gflenvincuat.gflenv.com\/?s={search_term_string}\"},\"query-input\":\"required name=search_term_string\"}],\"inLanguage\":\"en-CA\"}]}<\/script>\n<!-- \/ Yoast SEO plugin. -->","yoast_head_json":{"title":"PR\u00c9-BROYEURS - GFL Environmental Inc.","description":"Les compacteurs de pr\u00e9-broyeur d\u00e9composent de grandes quantit\u00e9s de d\u00e9chets secs et humides, y compris les mat\u00e9riaux robustes comme les caisses, les barils, les appareils et les ferrailles en acier. En savoir plus.","robots":{"index":"noindex","follow":"follow","max-snippet":"max-snippet:-1","max-image-preview":"max-image-preview:large","max-video-preview":"max-video-preview:-1"},"og_locale":"en_US","og_type":"article","og_title":"PR\u00c9-BROYEURS - GFL Environmental Inc.","og_description":"Les compacteurs de pr\u00e9-broyeur d\u00e9composent de grandes quantit\u00e9s de d\u00e9chets secs et humides, y compris les mat\u00e9riaux robustes comme les caisses, les barils, les appareils et les ferrailles en acier. En savoir plus.","og_url":"https:\/\/gflenvincuat.gflenv.com\/fr\/our-services\/for-business\/commercial-solid-waste\/compactors\/precrusher\/","og_site_name":"GFL Environmental Inc.","article_modified_time":"2021-05-24T19:30:48+00:00","twitter_card":"summary_large_image","schema":{"@context":"https:\/\/schema.org","@graph":[{"@type":"WebPage","@id":"https:\/\/gflenvincuat.gflenv.com\/fr\/our-services\/for-business\/commercial-solid-waste\/compactors\/precrusher\/","url":"https:\/\/gflenvincuat.gflenv.com\/fr\/our-services\/for-business\/commercial-solid-waste\/compactors\/precrusher\/","name":"PR\u00c9-BROYEURS - GFL Environmental Inc.","isPartOf":{"@id":"https:\/\/gflenvincuat.gflenv.com\/#website"},"datePublished":"2020-10-13T14:46:19+00:00","dateModified":"2021-05-24T19:30:48+00:00","description":"Les compacteurs de pr\u00e9-broyeur d\u00e9composent de grandes quantit\u00e9s de d\u00e9chets secs et humides, y compris les mat\u00e9riaux robustes comme les caisses, les barils, les appareils et les ferrailles en acier. En savoir plus.","breadcrumb":{"@id":"https:\/\/gflenvincuat.gflenv.com\/fr\/our-services\/for-business\/commercial-solid-waste\/compactors\/precrusher\/#breadcrumb"},"inLanguage":"en-CA","potentialAction":[{"@type":"ReadAction","target":["https:\/\/gflenvincuat.gflenv.com\/fr\/our-services\/for-business\/commercial-solid-waste\/compactors\/precrusher\/"]}]},{"@type":"BreadcrumbList","@id":"https:\/\/gflenvincuat.gflenv.com\/fr\/our-services\/for-business\/commercial-solid-waste\/compactors\/precrusher\/#breadcrumb","itemListElement":[{"@type":"ListItem","position":1,"name":"Home","item":"https:\/\/gflenvincuat.gflenv.com\/"},{"@type":"ListItem","position":2,"name":"SERVICES","item":"https:\/\/gflenvincuat.gflenv.com\/fr\/our-services\/"},{"@type":"ListItem","position":3,"name":"SERVICES AUX ENTREPRISES","item":"https:\/\/gflenvincuat.gflenv.com\/fr\/our-services\/for-business\/"},{"@type":"ListItem","position":4,"name":"MATI\u00c8RES R\u00c9SIDUELLES","item":"https:\/\/gflenvincuat.gflenv.com\/fr\/our-services\/for-business\/commercial-solid-waste\/"},{"@type":"ListItem","position":5,"name":"COMPACTEURS","item":"https:\/\/gflenvincuat.gflenv.com\/fr\/our-services\/for-business\/commercial-solid-waste\/compactors\/"},{"@type":"ListItem","position":6,"name":"PR\u00c9-BROYEURS"}]},{"@type":"WebSite","@id":"https:\/\/gflenvincuat.gflenv.com\/#website","url":"https:\/\/gflenvincuat.gflenv.com\/","name":"GFL Environmental Inc.","description":"Waste Management &amp; Infrastructure Services","potentialAction":[{"@type":"SearchAction","target":{"@type":"EntryPoint","urlTemplate":"https:\/\/gflenvincuat.gflenv.com\/?s={search_term_string}"},"query-input":"required name=search_term_string"}],"inLanguage":"en-CA"}]}},"_links":{"self":[{"href":"https:\/\/gflenvincuat.gflenv.com\/fr\/wp-json\/wp\/v2\/pages\/2878"}],"collection":[{"href":"https:\/\/gflenvincuat.gflenv.com\/fr\/wp-json\/wp\/v2\/pages"}],"about":[{"href":"https:\/\/gflenvincuat.gflenv.com\/fr\/wp-json\/wp\/v2\/types\/page"}],"author":[{"embeddable":true,"href":"https:\/\/gflenvincuat.gflenv.com\/fr\/wp-json\/wp\/v2\/users\/9"}],"replies":[{"embeddable":true,"href":"https:\/\/gflenvincuat.gflenv.com\/fr\/wp-json\/wp\/v2\/comments?post=2878"}],"version-history":[{"count":0,"href":"https:\/\/gflenvincuat.gflenv.com\/fr\/wp-json\/wp\/v2\/pages\/2878\/revisions"}],"up":[{"embeddable":true,"href":"https:\/\/gflenvincuat.gflenv.com\/fr\/wp-json\/wp\/v2\/pages\/2845"}],"wp:attachment":[{"href":"https:\/\/gflenvincuat.gflenv.com\/fr\/wp-json\/wp\/v2\/media?parent=2878"}],"curies":[{"name":"wp","href":"https:\/\/api.w.org\/{rel}","templated":true}]}}