{"id":2803,"date":"2020-09-09T10:23:08","date_gmt":"2020-09-09T10:23:08","guid":{"rendered":"https:\/\/gflenvincuatgf.wpengine.com\/our-services\/for-home\/residential-liquid-special-waste\/"},"modified":"2021-03-29T12:03:49","modified_gmt":"2021-03-29T12:03:49","slug":"residential-liquid-special-waste","status":"publish","type":"page","link":"https:\/\/gflenvincuat.gflenv.com\/fr\/our-services\/for-home\/residential-liquid-special-waste\/","title":{"rendered":"SERVICES LIQUIDES R\u00c9SIDENTIELS"},"content":{"rendered":"","protected":false},"excerpt":{"rendered":"","protected":false},"author":9,"featured_media":0,"parent":1450,"menu_order":0,"comment_status":"closed","ping_status":"closed","template":"templates\/template-level-2.php","meta":{"inline_featured_image":false},"acf":[],"yoast_head":"<!-- This site is optimized with the Yoast SEO plugin v19.6.1 - https:\/\/yoast.com\/wordpress\/plugins\/seo\/ -->\n<title>SERVICES LIQUIDES R\u00c9SIDENTIELS - GFL Environmental Inc.<\/title>\n<meta name=\"description\" content=\"Des services de transport d\u2019\u00e9gouts de routine et d\u2019entretien de fosses septiques aux lavages \u00e0 pression sp\u00e9cialis\u00e9s pour votre r\u00e9sidence, GFL a les solutions dont vous avez besoin. En savoir plus.\" \/>\n<meta name=\"robots\" content=\"noindex, follow, max-snippet:-1, max-image-preview:large, max-video-preview:-1\" \/>\n<meta property=\"og:locale\" content=\"en_US\" \/>\n<meta property=\"og:type\" content=\"article\" \/>\n<meta property=\"og:title\" content=\"SERVICES LIQUIDES R\u00c9SIDENTIELS - GFL Environmental Inc.\" \/>\n<meta property=\"og:description\" content=\"Des services de transport d\u2019\u00e9gouts de routine et d\u2019entretien de fosses septiques aux lavages \u00e0 pression sp\u00e9cialis\u00e9s pour votre r\u00e9sidence, GFL a les solutions dont vous avez besoin. En savoir plus.\" \/>\n<meta property=\"og:url\" content=\"https:\/\/gflenvincuat.gflenv.com\/fr\/our-services\/for-home\/residential-liquid-special-waste\/\" \/>\n<meta property=\"og:site_name\" content=\"GFL Environmental Inc.\" \/>\n<meta property=\"article:modified_time\" content=\"2021-03-29T12:03:49+00:00\" \/>\n<meta name=\"twitter:card\" content=\"summary_large_image\" \/>\n<script type=\"application\/ld+json\" class=\"yoast-schema-graph\">{\"@context\":\"https:\/\/schema.org\",\"@graph\":[{\"@type\":\"WebPage\",\"@id\":\"https:\/\/gflenvincuat.gflenv.com\/fr\/our-services\/for-home\/residential-liquid-special-waste\/\",\"url\":\"https:\/\/gflenvincuat.gflenv.com\/fr\/our-services\/for-home\/residential-liquid-special-waste\/\",\"name\":\"SERVICES LIQUIDES R\u00c9SIDENTIELS - GFL Environmental Inc.\",\"isPartOf\":{\"@id\":\"https:\/\/gflenvincuat.gflenv.com\/#website\"},\"datePublished\":\"2020-09-09T10:23:08+00:00\",\"dateModified\":\"2021-03-29T12:03:49+00:00\",\"description\":\"Des services de transport d\u2019\u00e9gouts de routine et d\u2019entretien de fosses septiques aux lavages \u00e0 pression sp\u00e9cialis\u00e9s pour votre r\u00e9sidence, GFL a les solutions dont vous avez besoin. En savoir plus.\",\"breadcrumb\":{\"@id\":\"https:\/\/gflenvincuat.gflenv.com\/fr\/our-services\/for-home\/residential-liquid-special-waste\/#breadcrumb\"},\"inLanguage\":\"en-CA\",\"potentialAction\":[{\"@type\":\"ReadAction\",\"target\":[\"https:\/\/gflenvincuat.gflenv.com\/fr\/our-services\/for-home\/residential-liquid-special-waste\/\"]}]},{\"@type\":\"BreadcrumbList\",\"@id\":\"https:\/\/gflenvincuat.gflenv.com\/fr\/our-services\/for-home\/residential-liquid-special-waste\/#breadcrumb\",\"itemListElement\":[{\"@type\":\"ListItem\",\"position\":1,\"name\":\"Home\",\"item\":\"https:\/\/gflenvincuat.gflenv.com\/\"},{\"@type\":\"ListItem\",\"position\":2,\"name\":\"SERVICES\",\"item\":\"https:\/\/gflenvincuat.gflenv.com\/fr\/our-services\/\"},{\"@type\":\"ListItem\",\"position\":3,\"name\":\"SERVICES R\u00c9SIDENTIELS\",\"item\":\"https:\/\/gflenvincuat.gflenv.com\/fr\/our-services\/for-home\/\"},{\"@type\":\"ListItem\",\"position\":4,\"name\":\"SERVICES LIQUIDES R\u00c9SIDENTIELS\"}]},{\"@type\":\"WebSite\",\"@id\":\"https:\/\/gflenvincuat.gflenv.com\/#website\",\"url\":\"https:\/\/gflenvincuat.gflenv.com\/\",\"name\":\"GFL Environmental Inc.\",\"description\":\"Waste Management &amp; Infrastructure Services\",\"potentialAction\":[{\"@type\":\"SearchAction\",\"target\":{\"@type\":\"EntryPoint\",\"urlTemplate\":\"https:\/\/gflenvincuat.gflenv.com\/?s={search_term_string}\"},\"query-input\":\"required name=search_term_string\"}],\"inLanguage\":\"en-CA\"}]}<\/script>\n<!-- \/ Yoast SEO plugin. -->","yoast_head_json":{"title":"SERVICES LIQUIDES R\u00c9SIDENTIELS - GFL Environmental Inc.","description":"Des services de transport d\u2019\u00e9gouts de routine et d\u2019entretien de fosses septiques aux lavages \u00e0 pression sp\u00e9cialis\u00e9s pour votre r\u00e9sidence, GFL a les solutions dont vous avez besoin. En savoir plus.","robots":{"index":"noindex","follow":"follow","max-snippet":"max-snippet:-1","max-image-preview":"max-image-preview:large","max-video-preview":"max-video-preview:-1"},"og_locale":"en_US","og_type":"article","og_title":"SERVICES LIQUIDES R\u00c9SIDENTIELS - GFL Environmental Inc.","og_description":"Des services de transport d\u2019\u00e9gouts de routine et d\u2019entretien de fosses septiques aux lavages \u00e0 pression sp\u00e9cialis\u00e9s pour votre r\u00e9sidence, GFL a les solutions dont vous avez besoin. En savoir plus.","og_url":"https:\/\/gflenvincuat.gflenv.com\/fr\/our-services\/for-home\/residential-liquid-special-waste\/","og_site_name":"GFL Environmental Inc.","article_modified_time":"2021-03-29T12:03:49+00:00","twitter_card":"summary_large_image","schema":{"@context":"https:\/\/schema.org","@graph":[{"@type":"WebPage","@id":"https:\/\/gflenvincuat.gflenv.com\/fr\/our-services\/for-home\/residential-liquid-special-waste\/","url":"https:\/\/gflenvincuat.gflenv.com\/fr\/our-services\/for-home\/residential-liquid-special-waste\/","name":"SERVICES LIQUIDES R\u00c9SIDENTIELS - GFL Environmental Inc.","isPartOf":{"@id":"https:\/\/gflenvincuat.gflenv.com\/#website"},"datePublished":"2020-09-09T10:23:08+00:00","dateModified":"2021-03-29T12:03:49+00:00","description":"Des services de transport d\u2019\u00e9gouts de routine et d\u2019entretien de fosses septiques aux lavages \u00e0 pression sp\u00e9cialis\u00e9s pour votre r\u00e9sidence, GFL a les solutions dont vous avez besoin. En savoir plus.","breadcrumb":{"@id":"https:\/\/gflenvincuat.gflenv.com\/fr\/our-services\/for-home\/residential-liquid-special-waste\/#breadcrumb"},"inLanguage":"en-CA","potentialAction":[{"@type":"ReadAction","target":["https:\/\/gflenvincuat.gflenv.com\/fr\/our-services\/for-home\/residential-liquid-special-waste\/"]}]},{"@type":"BreadcrumbList","@id":"https:\/\/gflenvincuat.gflenv.com\/fr\/our-services\/for-home\/residential-liquid-special-waste\/#breadcrumb","itemListElement":[{"@type":"ListItem","position":1,"name":"Home","item":"https:\/\/gflenvincuat.gflenv.com\/"},{"@type":"ListItem","position":2,"name":"SERVICES","item":"https:\/\/gflenvincuat.gflenv.com\/fr\/our-services\/"},{"@type":"ListItem","position":3,"name":"SERVICES R\u00c9SIDENTIELS","item":"https:\/\/gflenvincuat.gflenv.com\/fr\/our-services\/for-home\/"},{"@type":"ListItem","position":4,"name":"SERVICES LIQUIDES R\u00c9SIDENTIELS"}]},{"@type":"WebSite","@id":"https:\/\/gflenvincuat.gflenv.com\/#website","url":"https:\/\/gflenvincuat.gflenv.com\/","name":"GFL Environmental Inc.","description":"Waste Management &amp; Infrastructure Services","potentialAction":[{"@type":"SearchAction","target":{"@type":"EntryPoint","urlTemplate":"https:\/\/gflenvincuat.gflenv.com\/?s={search_term_string}"},"query-input":"required name=search_term_string"}],"inLanguage":"en-CA"}]}},"_links":{"self":[{"href":"https:\/\/gflenvincuat.gflenv.com\/fr\/wp-json\/wp\/v2\/pages\/2803"}],"collection":[{"href":"https:\/\/gflenvincuat.gflenv.com\/fr\/wp-json\/wp\/v2\/pages"}],"about":[{"href":"https:\/\/gflenvincuat.gflenv.com\/fr\/wp-json\/wp\/v2\/types\/page"}],"author":[{"embeddable":true,"href":"https:\/\/gflenvincuat.gflenv.com\/fr\/wp-json\/wp\/v2\/users\/9"}],"replies":[{"embeddable":true,"href":"https:\/\/gflenvincuat.gflenv.com\/fr\/wp-json\/wp\/v2\/comments?post=2803"}],"version-history":[{"count":0,"href":"https:\/\/gflenvincuat.gflenv.com\/fr\/wp-json\/wp\/v2\/pages\/2803\/revisions"}],"up":[{"embeddable":true,"href":"https:\/\/gflenvincuat.gflenv.com\/fr\/wp-json\/wp\/v2\/pages\/1450"}],"wp:attachment":[{"href":"https:\/\/gflenvincuat.gflenv.com\/fr\/wp-json\/wp\/v2\/media?parent=2803"}],"curies":[{"name":"wp","href":"https:\/\/api.w.org\/{rel}","templated":true}]}}