{"id":2752,"date":"2020-09-09T10:26:20","date_gmt":"2020-09-09T10:26:20","guid":{"rendered":"https:\/\/gflenvincuatgf.wpengine.com\/our-services\/for-home\/residential-solid-waste\/organics-compost\/"},"modified":"2021-03-25T13:38:13","modified_gmt":"2021-03-25T13:38:13","slug":"organics-compost","status":"publish","type":"page","link":"https:\/\/gflenvincuat.gflenv.com\/fr\/our-services\/for-home\/residential-solid-waste\/organics-compost\/","title":{"rendered":"MATI\u00c8RES ORGANIQUES ET COMPOST"},"content":{"rendered":"","protected":false},"excerpt":{"rendered":"","protected":false},"author":9,"featured_media":0,"parent":2729,"menu_order":0,"comment_status":"closed","ping_status":"closed","template":"templates\/template-level-3.php","meta":{"inline_featured_image":false},"acf":[],"yoast_head":"<!-- This site is optimized with the Yoast SEO plugin v19.6.1 - https:\/\/yoast.com\/wordpress\/plugins\/seo\/ -->\n<title>MATI\u00c8RES ORGANIQUES ET COMPOST - GFL Environmental Inc.<\/title>\n<meta name=\"description\" content=\"GFL peut recueillir vos d\u00e9chets alimentaires et de jardin pour vous aider \u00e0 maintenir un flux de d\u00e9chets plus durable \u00e0 la maison et \u00e0 conserver les d\u00e9chets organiques dans nos sites d\u2019enfouissement.\" \/>\n<meta name=\"robots\" content=\"noindex, follow, max-snippet:-1, max-image-preview:large, max-video-preview:-1\" \/>\n<meta property=\"og:locale\" content=\"en_US\" \/>\n<meta property=\"og:type\" content=\"article\" \/>\n<meta property=\"og:title\" content=\"MATI\u00c8RES ORGANIQUES ET COMPOST - GFL Environmental Inc.\" \/>\n<meta property=\"og:description\" content=\"GFL peut recueillir vos d\u00e9chets alimentaires et de jardin pour vous aider \u00e0 maintenir un flux de d\u00e9chets plus durable \u00e0 la maison et \u00e0 conserver les d\u00e9chets organiques dans nos sites d\u2019enfouissement.\" \/>\n<meta property=\"og:url\" content=\"https:\/\/gflenvincuat.gflenv.com\/fr\/our-services\/for-home\/residential-solid-waste\/organics-compost\/\" \/>\n<meta property=\"og:site_name\" content=\"GFL Environmental Inc.\" \/>\n<meta property=\"article:modified_time\" content=\"2021-03-25T13:38:13+00:00\" \/>\n<meta name=\"twitter:card\" content=\"summary_large_image\" \/>\n<script type=\"application\/ld+json\" class=\"yoast-schema-graph\">{\"@context\":\"https:\/\/schema.org\",\"@graph\":[{\"@type\":\"WebPage\",\"@id\":\"https:\/\/gflenvincuat.gflenv.com\/fr\/our-services\/for-home\/residential-solid-waste\/organics-compost\/\",\"url\":\"https:\/\/gflenvincuat.gflenv.com\/fr\/our-services\/for-home\/residential-solid-waste\/organics-compost\/\",\"name\":\"MATI\u00c8RES ORGANIQUES ET COMPOST - GFL Environmental Inc.\",\"isPartOf\":{\"@id\":\"https:\/\/gflenvincuat.gflenv.com\/#website\"},\"datePublished\":\"2020-09-09T10:26:20+00:00\",\"dateModified\":\"2021-03-25T13:38:13+00:00\",\"description\":\"GFL peut recueillir vos d\u00e9chets alimentaires et de jardin pour vous aider \u00e0 maintenir un flux de d\u00e9chets plus durable \u00e0 la maison et \u00e0 conserver les d\u00e9chets organiques dans nos sites d\u2019enfouissement.\",\"breadcrumb\":{\"@id\":\"https:\/\/gflenvincuat.gflenv.com\/fr\/our-services\/for-home\/residential-solid-waste\/organics-compost\/#breadcrumb\"},\"inLanguage\":\"en-CA\",\"potentialAction\":[{\"@type\":\"ReadAction\",\"target\":[\"https:\/\/gflenvincuat.gflenv.com\/fr\/our-services\/for-home\/residential-solid-waste\/organics-compost\/\"]}]},{\"@type\":\"BreadcrumbList\",\"@id\":\"https:\/\/gflenvincuat.gflenv.com\/fr\/our-services\/for-home\/residential-solid-waste\/organics-compost\/#breadcrumb\",\"itemListElement\":[{\"@type\":\"ListItem\",\"position\":1,\"name\":\"Home\",\"item\":\"https:\/\/gflenvincuat.gflenv.com\/\"},{\"@type\":\"ListItem\",\"position\":2,\"name\":\"SERVICES\",\"item\":\"https:\/\/gflenvincuat.gflenv.com\/fr\/our-services\/\"},{\"@type\":\"ListItem\",\"position\":3,\"name\":\"SERVICES R\u00c9SIDENTIELS\",\"item\":\"https:\/\/gflenvincuat.gflenv.com\/fr\/our-services\/for-home\/\"},{\"@type\":\"ListItem\",\"position\":4,\"name\":\"D\u00c9CHETS SOLIDES R\u00c9SIDENTIELS\",\"item\":\"https:\/\/gflenvincuat.gflenv.com\/fr\/our-services\/for-home\/residential-solid-waste\/\"},{\"@type\":\"ListItem\",\"position\":5,\"name\":\"MATI\u00c8RES ORGANIQUES ET COMPOST\"}]},{\"@type\":\"WebSite\",\"@id\":\"https:\/\/gflenvincuat.gflenv.com\/#website\",\"url\":\"https:\/\/gflenvincuat.gflenv.com\/\",\"name\":\"GFL Environmental Inc.\",\"description\":\"Waste Management &amp; Infrastructure Services\",\"potentialAction\":[{\"@type\":\"SearchAction\",\"target\":{\"@type\":\"EntryPoint\",\"urlTemplate\":\"https:\/\/gflenvincuat.gflenv.com\/?s={search_term_string}\"},\"query-input\":\"required name=search_term_string\"}],\"inLanguage\":\"en-CA\"}]}<\/script>\n<!-- \/ Yoast SEO plugin. -->","yoast_head_json":{"title":"MATI\u00c8RES ORGANIQUES ET COMPOST - GFL Environmental Inc.","description":"GFL peut recueillir vos d\u00e9chets alimentaires et de jardin pour vous aider \u00e0 maintenir un flux de d\u00e9chets plus durable \u00e0 la maison et \u00e0 conserver les d\u00e9chets organiques dans nos sites d\u2019enfouissement.","robots":{"index":"noindex","follow":"follow","max-snippet":"max-snippet:-1","max-image-preview":"max-image-preview:large","max-video-preview":"max-video-preview:-1"},"og_locale":"en_US","og_type":"article","og_title":"MATI\u00c8RES ORGANIQUES ET COMPOST - GFL Environmental Inc.","og_description":"GFL peut recueillir vos d\u00e9chets alimentaires et de jardin pour vous aider \u00e0 maintenir un flux de d\u00e9chets plus durable \u00e0 la maison et \u00e0 conserver les d\u00e9chets organiques dans nos sites d\u2019enfouissement.","og_url":"https:\/\/gflenvincuat.gflenv.com\/fr\/our-services\/for-home\/residential-solid-waste\/organics-compost\/","og_site_name":"GFL Environmental Inc.","article_modified_time":"2021-03-25T13:38:13+00:00","twitter_card":"summary_large_image","schema":{"@context":"https:\/\/schema.org","@graph":[{"@type":"WebPage","@id":"https:\/\/gflenvincuat.gflenv.com\/fr\/our-services\/for-home\/residential-solid-waste\/organics-compost\/","url":"https:\/\/gflenvincuat.gflenv.com\/fr\/our-services\/for-home\/residential-solid-waste\/organics-compost\/","name":"MATI\u00c8RES ORGANIQUES ET COMPOST - GFL Environmental Inc.","isPartOf":{"@id":"https:\/\/gflenvincuat.gflenv.com\/#website"},"datePublished":"2020-09-09T10:26:20+00:00","dateModified":"2021-03-25T13:38:13+00:00","description":"GFL peut recueillir vos d\u00e9chets alimentaires et de jardin pour vous aider \u00e0 maintenir un flux de d\u00e9chets plus durable \u00e0 la maison et \u00e0 conserver les d\u00e9chets organiques dans nos sites d\u2019enfouissement.","breadcrumb":{"@id":"https:\/\/gflenvincuat.gflenv.com\/fr\/our-services\/for-home\/residential-solid-waste\/organics-compost\/#breadcrumb"},"inLanguage":"en-CA","potentialAction":[{"@type":"ReadAction","target":["https:\/\/gflenvincuat.gflenv.com\/fr\/our-services\/for-home\/residential-solid-waste\/organics-compost\/"]}]},{"@type":"BreadcrumbList","@id":"https:\/\/gflenvincuat.gflenv.com\/fr\/our-services\/for-home\/residential-solid-waste\/organics-compost\/#breadcrumb","itemListElement":[{"@type":"ListItem","position":1,"name":"Home","item":"https:\/\/gflenvincuat.gflenv.com\/"},{"@type":"ListItem","position":2,"name":"SERVICES","item":"https:\/\/gflenvincuat.gflenv.com\/fr\/our-services\/"},{"@type":"ListItem","position":3,"name":"SERVICES R\u00c9SIDENTIELS","item":"https:\/\/gflenvincuat.gflenv.com\/fr\/our-services\/for-home\/"},{"@type":"ListItem","position":4,"name":"D\u00c9CHETS SOLIDES R\u00c9SIDENTIELS","item":"https:\/\/gflenvincuat.gflenv.com\/fr\/our-services\/for-home\/residential-solid-waste\/"},{"@type":"ListItem","position":5,"name":"MATI\u00c8RES ORGANIQUES ET COMPOST"}]},{"@type":"WebSite","@id":"https:\/\/gflenvincuat.gflenv.com\/#website","url":"https:\/\/gflenvincuat.gflenv.com\/","name":"GFL Environmental Inc.","description":"Waste Management &amp; Infrastructure Services","potentialAction":[{"@type":"SearchAction","target":{"@type":"EntryPoint","urlTemplate":"https:\/\/gflenvincuat.gflenv.com\/?s={search_term_string}"},"query-input":"required name=search_term_string"}],"inLanguage":"en-CA"}]}},"_links":{"self":[{"href":"https:\/\/gflenvincuat.gflenv.com\/fr\/wp-json\/wp\/v2\/pages\/2752"}],"collection":[{"href":"https:\/\/gflenvincuat.gflenv.com\/fr\/wp-json\/wp\/v2\/pages"}],"about":[{"href":"https:\/\/gflenvincuat.gflenv.com\/fr\/wp-json\/wp\/v2\/types\/page"}],"author":[{"embeddable":true,"href":"https:\/\/gflenvincuat.gflenv.com\/fr\/wp-json\/wp\/v2\/users\/9"}],"replies":[{"embeddable":true,"href":"https:\/\/gflenvincuat.gflenv.com\/fr\/wp-json\/wp\/v2\/comments?post=2752"}],"version-history":[{"count":0,"href":"https:\/\/gflenvincuat.gflenv.com\/fr\/wp-json\/wp\/v2\/pages\/2752\/revisions"}],"up":[{"embeddable":true,"href":"https:\/\/gflenvincuat.gflenv.com\/fr\/wp-json\/wp\/v2\/pages\/2729"}],"wp:attachment":[{"href":"https:\/\/gflenvincuat.gflenv.com\/fr\/wp-json\/wp\/v2\/media?parent=2752"}],"curies":[{"name":"wp","href":"https:\/\/api.w.org\/{rel}","templated":true}]}}