{"id":2729,"date":"2020-09-09T10:17:33","date_gmt":"2020-09-09T10:17:33","guid":{"rendered":"https:\/\/gflenvincuatgf.wpengine.com\/our-services\/for-home\/residential-solid-waste\/"},"modified":"2021-03-11T20:04:18","modified_gmt":"2021-03-11T20:04:18","slug":"residential-solid-waste","status":"publish","type":"page","link":"https:\/\/gflenvincuat.gflenv.com\/fr\/our-services\/for-home\/residential-solid-waste\/","title":{"rendered":"D\u00c9CHETS SOLIDES R\u00c9SIDENTIELS"},"content":{"rendered":"","protected":false},"excerpt":{"rendered":"","protected":false},"author":9,"featured_media":0,"parent":1450,"menu_order":0,"comment_status":"closed","ping_status":"closed","template":"templates\/template-level-2.php","meta":{"inline_featured_image":false},"acf":[],"yoast_head":"<!-- This site is optimized with the Yoast SEO plugin v19.6.1 - https:\/\/yoast.com\/wordpress\/plugins\/seo\/ -->\n<title>D\u00c9CHETS SOLIDES R\u00c9SIDENTIELS - GFL Environmental Inc.<\/title>\n<meta name=\"description\" content=\"GFL offre une gamme de services de collecte et de recyclage des d\u00e9chets pratiques, s\u00e9curitaires et \u00e9conomiques aux m\u00e9nages de toute l\u2019Am\u00e9rique du Nord.\" \/>\n<meta name=\"robots\" content=\"noindex, follow, max-snippet:-1, max-image-preview:large, max-video-preview:-1\" \/>\n<meta property=\"og:locale\" content=\"en_US\" \/>\n<meta property=\"og:type\" content=\"article\" \/>\n<meta property=\"og:title\" content=\"D\u00c9CHETS SOLIDES R\u00c9SIDENTIELS - GFL Environmental Inc.\" \/>\n<meta property=\"og:description\" content=\"GFL offre une gamme de services de collecte et de recyclage des d\u00e9chets pratiques, s\u00e9curitaires et \u00e9conomiques aux m\u00e9nages de toute l\u2019Am\u00e9rique du Nord.\" \/>\n<meta property=\"og:url\" content=\"https:\/\/gflenvincuat.gflenv.com\/fr\/our-services\/for-home\/residential-solid-waste\/\" \/>\n<meta property=\"og:site_name\" content=\"GFL Environmental Inc.\" \/>\n<meta property=\"article:modified_time\" content=\"2021-03-11T20:04:18+00:00\" \/>\n<meta name=\"twitter:card\" content=\"summary_large_image\" \/>\n<script type=\"application\/ld+json\" class=\"yoast-schema-graph\">{\"@context\":\"https:\/\/schema.org\",\"@graph\":[{\"@type\":\"WebPage\",\"@id\":\"https:\/\/gflenvincuat.gflenv.com\/fr\/our-services\/for-home\/residential-solid-waste\/\",\"url\":\"https:\/\/gflenvincuat.gflenv.com\/fr\/our-services\/for-home\/residential-solid-waste\/\",\"name\":\"D\u00c9CHETS SOLIDES R\u00c9SIDENTIELS - GFL Environmental Inc.\",\"isPartOf\":{\"@id\":\"https:\/\/gflenvincuat.gflenv.com\/#website\"},\"datePublished\":\"2020-09-09T10:17:33+00:00\",\"dateModified\":\"2021-03-11T20:04:18+00:00\",\"description\":\"GFL offre une gamme de services de collecte et de recyclage des d\u00e9chets pratiques, s\u00e9curitaires et \u00e9conomiques aux m\u00e9nages de toute l\u2019Am\u00e9rique du Nord.\",\"breadcrumb\":{\"@id\":\"https:\/\/gflenvincuat.gflenv.com\/fr\/our-services\/for-home\/residential-solid-waste\/#breadcrumb\"},\"inLanguage\":\"en-CA\",\"potentialAction\":[{\"@type\":\"ReadAction\",\"target\":[\"https:\/\/gflenvincuat.gflenv.com\/fr\/our-services\/for-home\/residential-solid-waste\/\"]}]},{\"@type\":\"BreadcrumbList\",\"@id\":\"https:\/\/gflenvincuat.gflenv.com\/fr\/our-services\/for-home\/residential-solid-waste\/#breadcrumb\",\"itemListElement\":[{\"@type\":\"ListItem\",\"position\":1,\"name\":\"Home\",\"item\":\"https:\/\/gflenvincuat.gflenv.com\/\"},{\"@type\":\"ListItem\",\"position\":2,\"name\":\"SERVICES\",\"item\":\"https:\/\/gflenvincuat.gflenv.com\/fr\/our-services\/\"},{\"@type\":\"ListItem\",\"position\":3,\"name\":\"SERVICES R\u00c9SIDENTIELS\",\"item\":\"https:\/\/gflenvincuat.gflenv.com\/fr\/our-services\/for-home\/\"},{\"@type\":\"ListItem\",\"position\":4,\"name\":\"D\u00c9CHETS SOLIDES R\u00c9SIDENTIELS\"}]},{\"@type\":\"WebSite\",\"@id\":\"https:\/\/gflenvincuat.gflenv.com\/#website\",\"url\":\"https:\/\/gflenvincuat.gflenv.com\/\",\"name\":\"GFL Environmental Inc.\",\"description\":\"Waste Management &amp; Infrastructure Services\",\"potentialAction\":[{\"@type\":\"SearchAction\",\"target\":{\"@type\":\"EntryPoint\",\"urlTemplate\":\"https:\/\/gflenvincuat.gflenv.com\/?s={search_term_string}\"},\"query-input\":\"required name=search_term_string\"}],\"inLanguage\":\"en-CA\"}]}<\/script>\n<!-- \/ Yoast SEO plugin. -->","yoast_head_json":{"title":"D\u00c9CHETS SOLIDES R\u00c9SIDENTIELS - GFL Environmental Inc.","description":"GFL offre une gamme de services de collecte et de recyclage des d\u00e9chets pratiques, s\u00e9curitaires et \u00e9conomiques aux m\u00e9nages de toute l\u2019Am\u00e9rique du Nord.","robots":{"index":"noindex","follow":"follow","max-snippet":"max-snippet:-1","max-image-preview":"max-image-preview:large","max-video-preview":"max-video-preview:-1"},"og_locale":"en_US","og_type":"article","og_title":"D\u00c9CHETS SOLIDES R\u00c9SIDENTIELS - GFL Environmental Inc.","og_description":"GFL offre une gamme de services de collecte et de recyclage des d\u00e9chets pratiques, s\u00e9curitaires et \u00e9conomiques aux m\u00e9nages de toute l\u2019Am\u00e9rique du Nord.","og_url":"https:\/\/gflenvincuat.gflenv.com\/fr\/our-services\/for-home\/residential-solid-waste\/","og_site_name":"GFL Environmental Inc.","article_modified_time":"2021-03-11T20:04:18+00:00","twitter_card":"summary_large_image","schema":{"@context":"https:\/\/schema.org","@graph":[{"@type":"WebPage","@id":"https:\/\/gflenvincuat.gflenv.com\/fr\/our-services\/for-home\/residential-solid-waste\/","url":"https:\/\/gflenvincuat.gflenv.com\/fr\/our-services\/for-home\/residential-solid-waste\/","name":"D\u00c9CHETS SOLIDES R\u00c9SIDENTIELS - GFL Environmental Inc.","isPartOf":{"@id":"https:\/\/gflenvincuat.gflenv.com\/#website"},"datePublished":"2020-09-09T10:17:33+00:00","dateModified":"2021-03-11T20:04:18+00:00","description":"GFL offre une gamme de services de collecte et de recyclage des d\u00e9chets pratiques, s\u00e9curitaires et \u00e9conomiques aux m\u00e9nages de toute l\u2019Am\u00e9rique du Nord.","breadcrumb":{"@id":"https:\/\/gflenvincuat.gflenv.com\/fr\/our-services\/for-home\/residential-solid-waste\/#breadcrumb"},"inLanguage":"en-CA","potentialAction":[{"@type":"ReadAction","target":["https:\/\/gflenvincuat.gflenv.com\/fr\/our-services\/for-home\/residential-solid-waste\/"]}]},{"@type":"BreadcrumbList","@id":"https:\/\/gflenvincuat.gflenv.com\/fr\/our-services\/for-home\/residential-solid-waste\/#breadcrumb","itemListElement":[{"@type":"ListItem","position":1,"name":"Home","item":"https:\/\/gflenvincuat.gflenv.com\/"},{"@type":"ListItem","position":2,"name":"SERVICES","item":"https:\/\/gflenvincuat.gflenv.com\/fr\/our-services\/"},{"@type":"ListItem","position":3,"name":"SERVICES R\u00c9SIDENTIELS","item":"https:\/\/gflenvincuat.gflenv.com\/fr\/our-services\/for-home\/"},{"@type":"ListItem","position":4,"name":"D\u00c9CHETS SOLIDES R\u00c9SIDENTIELS"}]},{"@type":"WebSite","@id":"https:\/\/gflenvincuat.gflenv.com\/#website","url":"https:\/\/gflenvincuat.gflenv.com\/","name":"GFL Environmental Inc.","description":"Waste Management &amp; Infrastructure Services","potentialAction":[{"@type":"SearchAction","target":{"@type":"EntryPoint","urlTemplate":"https:\/\/gflenvincuat.gflenv.com\/?s={search_term_string}"},"query-input":"required name=search_term_string"}],"inLanguage":"en-CA"}]}},"_links":{"self":[{"href":"https:\/\/gflenvincuat.gflenv.com\/fr\/wp-json\/wp\/v2\/pages\/2729"}],"collection":[{"href":"https:\/\/gflenvincuat.gflenv.com\/fr\/wp-json\/wp\/v2\/pages"}],"about":[{"href":"https:\/\/gflenvincuat.gflenv.com\/fr\/wp-json\/wp\/v2\/types\/page"}],"author":[{"embeddable":true,"href":"https:\/\/gflenvincuat.gflenv.com\/fr\/wp-json\/wp\/v2\/users\/9"}],"replies":[{"embeddable":true,"href":"https:\/\/gflenvincuat.gflenv.com\/fr\/wp-json\/wp\/v2\/comments?post=2729"}],"version-history":[{"count":0,"href":"https:\/\/gflenvincuat.gflenv.com\/fr\/wp-json\/wp\/v2\/pages\/2729\/revisions"}],"up":[{"embeddable":true,"href":"https:\/\/gflenvincuat.gflenv.com\/fr\/wp-json\/wp\/v2\/pages\/1450"}],"wp:attachment":[{"href":"https:\/\/gflenvincuat.gflenv.com\/fr\/wp-json\/wp\/v2\/media?parent=2729"}],"curies":[{"name":"wp","href":"https:\/\/api.w.org\/{rel}","templated":true}]}}