{"id":26889,"date":"2021-11-26T21:16:53","date_gmt":"2021-11-26T21:16:53","guid":{"rendered":"https:\/\/gflenvincuatgf.wpengine.com\/?page_id=26889"},"modified":"2021-11-26T21:16:53","modified_gmt":"2021-11-26T21:16:53","slug":"biosolides","status":"publish","type":"page","link":"https:\/\/gflenvincuat.gflenv.com\/fr\/our-services\/for-government\/biosolides\/","title":{"rendered":"BIOSOLIDES"},"content":{"rendered":"","protected":false},"excerpt":{"rendered":"","protected":false},"author":5,"featured_media":0,"parent":2812,"menu_order":0,"comment_status":"closed","ping_status":"closed","template":"templates\/template-brokers-level-2.php","meta":{"inline_featured_image":false},"acf":[],"yoast_head":"<!-- This site is optimized with the Yoast SEO plugin v19.6.1 - https:\/\/yoast.com\/wordpress\/plugins\/seo\/ -->\n<title>BIOSOLIDES - GFL Environmental Inc.<\/title>\n<meta name=\"description\" content=\"GFL fournit une collecte fiable des d\u00e9chets en bordure de trottoir \u00e0 plus de 4 millions de foyers sous contrat municipal en Am\u00e9rique du Nord.\" \/>\n<meta name=\"robots\" content=\"noindex, follow, max-snippet:-1, max-image-preview:large, max-video-preview:-1\" \/>\n<meta property=\"og:locale\" content=\"en_US\" \/>\n<meta property=\"og:type\" content=\"article\" \/>\n<meta property=\"og:title\" content=\"BIOSOLIDES - GFL Environmental Inc.\" \/>\n<meta property=\"og:description\" content=\"GFL fournit une collecte fiable des d\u00e9chets en bordure de trottoir \u00e0 plus de 4 millions de foyers sous contrat municipal en Am\u00e9rique du Nord.\" \/>\n<meta property=\"og:url\" content=\"https:\/\/gflenvincuat.gflenv.com\/fr\/our-services\/for-government\/biosolides\/\" \/>\n<meta property=\"og:site_name\" content=\"GFL Environmental Inc.\" \/>\n<meta name=\"twitter:card\" content=\"summary_large_image\" \/>\n<script type=\"application\/ld+json\" class=\"yoast-schema-graph\">{\"@context\":\"https:\/\/schema.org\",\"@graph\":[{\"@type\":\"WebPage\",\"@id\":\"https:\/\/gflenvincuat.gflenv.com\/fr\/our-services\/for-government\/biosolides\/\",\"url\":\"https:\/\/gflenvincuat.gflenv.com\/fr\/our-services\/for-government\/biosolides\/\",\"name\":\"BIOSOLIDES - GFL Environmental Inc.\",\"isPartOf\":{\"@id\":\"https:\/\/gflenvincuat.gflenv.com\/#website\"},\"datePublished\":\"2021-11-26T21:16:53+00:00\",\"dateModified\":\"2021-11-26T21:16:53+00:00\",\"description\":\"GFL fournit une collecte fiable des d\u00e9chets en bordure de trottoir \u00e0 plus de 4 millions de foyers sous contrat municipal en Am\u00e9rique du Nord.\",\"breadcrumb\":{\"@id\":\"https:\/\/gflenvincuat.gflenv.com\/fr\/our-services\/for-government\/biosolides\/#breadcrumb\"},\"inLanguage\":\"en-CA\",\"potentialAction\":[{\"@type\":\"ReadAction\",\"target\":[\"https:\/\/gflenvincuat.gflenv.com\/fr\/our-services\/for-government\/biosolides\/\"]}]},{\"@type\":\"BreadcrumbList\",\"@id\":\"https:\/\/gflenvincuat.gflenv.com\/fr\/our-services\/for-government\/biosolides\/#breadcrumb\",\"itemListElement\":[{\"@type\":\"ListItem\",\"position\":1,\"name\":\"Home\",\"item\":\"https:\/\/gflenvincuat.gflenv.com\/\"},{\"@type\":\"ListItem\",\"position\":2,\"name\":\"SERVICES\",\"item\":\"https:\/\/gflenvincuat.gflenv.com\/fr\/our-services\/\"},{\"@type\":\"ListItem\",\"position\":3,\"name\":\"SERVICES AUX GOUVERNEMENTS\",\"item\":\"https:\/\/gflenvincuat.gflenv.com\/fr\/our-services\/for-government\/\"},{\"@type\":\"ListItem\",\"position\":4,\"name\":\"BIOSOLIDES\"}]},{\"@type\":\"WebSite\",\"@id\":\"https:\/\/gflenvincuat.gflenv.com\/#website\",\"url\":\"https:\/\/gflenvincuat.gflenv.com\/\",\"name\":\"GFL Environmental Inc.\",\"description\":\"Waste Management &amp; Infrastructure Services\",\"potentialAction\":[{\"@type\":\"SearchAction\",\"target\":{\"@type\":\"EntryPoint\",\"urlTemplate\":\"https:\/\/gflenvincuat.gflenv.com\/?s={search_term_string}\"},\"query-input\":\"required name=search_term_string\"}],\"inLanguage\":\"en-CA\"}]}<\/script>\n<!-- \/ Yoast SEO plugin. -->","yoast_head_json":{"title":"BIOSOLIDES - GFL Environmental Inc.","description":"GFL fournit une collecte fiable des d\u00e9chets en bordure de trottoir \u00e0 plus de 4 millions de foyers sous contrat municipal en Am\u00e9rique du Nord.","robots":{"index":"noindex","follow":"follow","max-snippet":"max-snippet:-1","max-image-preview":"max-image-preview:large","max-video-preview":"max-video-preview:-1"},"og_locale":"en_US","og_type":"article","og_title":"BIOSOLIDES - GFL Environmental Inc.","og_description":"GFL fournit une collecte fiable des d\u00e9chets en bordure de trottoir \u00e0 plus de 4 millions de foyers sous contrat municipal en Am\u00e9rique du Nord.","og_url":"https:\/\/gflenvincuat.gflenv.com\/fr\/our-services\/for-government\/biosolides\/","og_site_name":"GFL Environmental Inc.","twitter_card":"summary_large_image","schema":{"@context":"https:\/\/schema.org","@graph":[{"@type":"WebPage","@id":"https:\/\/gflenvincuat.gflenv.com\/fr\/our-services\/for-government\/biosolides\/","url":"https:\/\/gflenvincuat.gflenv.com\/fr\/our-services\/for-government\/biosolides\/","name":"BIOSOLIDES - GFL Environmental Inc.","isPartOf":{"@id":"https:\/\/gflenvincuat.gflenv.com\/#website"},"datePublished":"2021-11-26T21:16:53+00:00","dateModified":"2021-11-26T21:16:53+00:00","description":"GFL fournit une collecte fiable des d\u00e9chets en bordure de trottoir \u00e0 plus de 4 millions de foyers sous contrat municipal en Am\u00e9rique du Nord.","breadcrumb":{"@id":"https:\/\/gflenvincuat.gflenv.com\/fr\/our-services\/for-government\/biosolides\/#breadcrumb"},"inLanguage":"en-CA","potentialAction":[{"@type":"ReadAction","target":["https:\/\/gflenvincuat.gflenv.com\/fr\/our-services\/for-government\/biosolides\/"]}]},{"@type":"BreadcrumbList","@id":"https:\/\/gflenvincuat.gflenv.com\/fr\/our-services\/for-government\/biosolides\/#breadcrumb","itemListElement":[{"@type":"ListItem","position":1,"name":"Home","item":"https:\/\/gflenvincuat.gflenv.com\/"},{"@type":"ListItem","position":2,"name":"SERVICES","item":"https:\/\/gflenvincuat.gflenv.com\/fr\/our-services\/"},{"@type":"ListItem","position":3,"name":"SERVICES AUX GOUVERNEMENTS","item":"https:\/\/gflenvincuat.gflenv.com\/fr\/our-services\/for-government\/"},{"@type":"ListItem","position":4,"name":"BIOSOLIDES"}]},{"@type":"WebSite","@id":"https:\/\/gflenvincuat.gflenv.com\/#website","url":"https:\/\/gflenvincuat.gflenv.com\/","name":"GFL Environmental Inc.","description":"Waste Management &amp; Infrastructure Services","potentialAction":[{"@type":"SearchAction","target":{"@type":"EntryPoint","urlTemplate":"https:\/\/gflenvincuat.gflenv.com\/?s={search_term_string}"},"query-input":"required name=search_term_string"}],"inLanguage":"en-CA"}]}},"_links":{"self":[{"href":"https:\/\/gflenvincuat.gflenv.com\/fr\/wp-json\/wp\/v2\/pages\/26889"}],"collection":[{"href":"https:\/\/gflenvincuat.gflenv.com\/fr\/wp-json\/wp\/v2\/pages"}],"about":[{"href":"https:\/\/gflenvincuat.gflenv.com\/fr\/wp-json\/wp\/v2\/types\/page"}],"author":[{"embeddable":true,"href":"https:\/\/gflenvincuat.gflenv.com\/fr\/wp-json\/wp\/v2\/users\/5"}],"replies":[{"embeddable":true,"href":"https:\/\/gflenvincuat.gflenv.com\/fr\/wp-json\/wp\/v2\/comments?post=26889"}],"version-history":[{"count":0,"href":"https:\/\/gflenvincuat.gflenv.com\/fr\/wp-json\/wp\/v2\/pages\/26889\/revisions"}],"up":[{"embeddable":true,"href":"https:\/\/gflenvincuat.gflenv.com\/fr\/wp-json\/wp\/v2\/pages\/2812"}],"wp:attachment":[{"href":"https:\/\/gflenvincuat.gflenv.com\/fr\/wp-json\/wp\/v2\/media?parent=26889"}],"curies":[{"name":"wp","href":"https:\/\/api.w.org\/{rel}","templated":true}]}}