{"id":24693,"date":"2021-03-23T20:25:13","date_gmt":"2021-03-23T20:25:13","guid":{"rendered":"https:\/\/gflenvincuatgf.wpengine.com\/?page_id=24693"},"modified":"2021-03-23T20:25:20","modified_gmt":"2021-03-23T20:25:20","slug":"nos-installations","status":"publish","type":"page","link":"https:\/\/gflenvincuat.gflenv.com\/fr\/nos-installations\/","title":{"rendered":"NOS INSTALLATIONS"},"content":{"rendered":"","protected":false},"excerpt":{"rendered":"","protected":false},"author":5,"featured_media":0,"parent":0,"menu_order":0,"comment_status":"closed","ping_status":"closed","template":"templates\/template-level-3.php","meta":{"inline_featured_image":false},"acf":[],"yoast_head":"<!-- This site is optimized with the Yoast SEO plugin v19.6.1 - https:\/\/yoast.com\/wordpress\/plugins\/seo\/ -->\n<title>NOS INSTALLATIONS - GFL Environmental Inc.<\/title>\n<meta name=\"description\" content=\"Apprenez-en davantage sur la fa\u00e7on dont GFL \u00e9limine les d\u00e9chets et le recyclage de mani\u00e8re \u00e9cologiquement durable.\" \/>\n<meta name=\"robots\" content=\"noindex, follow, max-snippet:-1, max-image-preview:large, max-video-preview:-1\" \/>\n<meta property=\"og:locale\" content=\"en_US\" \/>\n<meta property=\"og:type\" content=\"article\" \/>\n<meta property=\"og:title\" content=\"NOS INSTALLATIONS - GFL Environmental Inc.\" \/>\n<meta property=\"og:description\" content=\"Apprenez-en davantage sur la fa\u00e7on dont GFL \u00e9limine les d\u00e9chets et le recyclage de mani\u00e8re \u00e9cologiquement durable.\" \/>\n<meta property=\"og:url\" content=\"https:\/\/gflenvincuat.gflenv.com\/fr\/nos-installations\/\" \/>\n<meta property=\"og:site_name\" content=\"GFL Environmental Inc.\" \/>\n<meta property=\"article:modified_time\" content=\"2021-03-23T20:25:20+00:00\" \/>\n<meta name=\"twitter:card\" content=\"summary_large_image\" \/>\n<script type=\"application\/ld+json\" class=\"yoast-schema-graph\">{\"@context\":\"https:\/\/schema.org\",\"@graph\":[{\"@type\":\"WebPage\",\"@id\":\"https:\/\/gflenvincuat.gflenv.com\/fr\/nos-installations\/\",\"url\":\"https:\/\/gflenvincuat.gflenv.com\/fr\/nos-installations\/\",\"name\":\"NOS INSTALLATIONS - GFL Environmental Inc.\",\"isPartOf\":{\"@id\":\"https:\/\/gflenvincuat.gflenv.com\/#website\"},\"datePublished\":\"2021-03-23T20:25:13+00:00\",\"dateModified\":\"2021-03-23T20:25:20+00:00\",\"description\":\"Apprenez-en davantage sur la fa\u00e7on dont GFL \u00e9limine les d\u00e9chets et le recyclage de mani\u00e8re \u00e9cologiquement durable.\",\"breadcrumb\":{\"@id\":\"https:\/\/gflenvincuat.gflenv.com\/fr\/nos-installations\/#breadcrumb\"},\"inLanguage\":\"en-CA\",\"potentialAction\":[{\"@type\":\"ReadAction\",\"target\":[\"https:\/\/gflenvincuat.gflenv.com\/fr\/nos-installations\/\"]}]},{\"@type\":\"BreadcrumbList\",\"@id\":\"https:\/\/gflenvincuat.gflenv.com\/fr\/nos-installations\/#breadcrumb\",\"itemListElement\":[{\"@type\":\"ListItem\",\"position\":1,\"name\":\"Home\",\"item\":\"https:\/\/gflenvincuat.gflenv.com\/\"},{\"@type\":\"ListItem\",\"position\":2,\"name\":\"NOS INSTALLATIONS\"}]},{\"@type\":\"WebSite\",\"@id\":\"https:\/\/gflenvincuat.gflenv.com\/#website\",\"url\":\"https:\/\/gflenvincuat.gflenv.com\/\",\"name\":\"GFL Environmental Inc.\",\"description\":\"Waste Management &amp; Infrastructure Services\",\"potentialAction\":[{\"@type\":\"SearchAction\",\"target\":{\"@type\":\"EntryPoint\",\"urlTemplate\":\"https:\/\/gflenvincuat.gflenv.com\/?s={search_term_string}\"},\"query-input\":\"required name=search_term_string\"}],\"inLanguage\":\"en-CA\"}]}<\/script>\n<!-- \/ Yoast SEO plugin. -->","yoast_head_json":{"title":"NOS INSTALLATIONS - GFL Environmental Inc.","description":"Apprenez-en davantage sur la fa\u00e7on dont GFL \u00e9limine les d\u00e9chets et le recyclage de mani\u00e8re \u00e9cologiquement durable.","robots":{"index":"noindex","follow":"follow","max-snippet":"max-snippet:-1","max-image-preview":"max-image-preview:large","max-video-preview":"max-video-preview:-1"},"og_locale":"en_US","og_type":"article","og_title":"NOS INSTALLATIONS - GFL Environmental Inc.","og_description":"Apprenez-en davantage sur la fa\u00e7on dont GFL \u00e9limine les d\u00e9chets et le recyclage de mani\u00e8re \u00e9cologiquement durable.","og_url":"https:\/\/gflenvincuat.gflenv.com\/fr\/nos-installations\/","og_site_name":"GFL Environmental Inc.","article_modified_time":"2021-03-23T20:25:20+00:00","twitter_card":"summary_large_image","schema":{"@context":"https:\/\/schema.org","@graph":[{"@type":"WebPage","@id":"https:\/\/gflenvincuat.gflenv.com\/fr\/nos-installations\/","url":"https:\/\/gflenvincuat.gflenv.com\/fr\/nos-installations\/","name":"NOS INSTALLATIONS - GFL Environmental Inc.","isPartOf":{"@id":"https:\/\/gflenvincuat.gflenv.com\/#website"},"datePublished":"2021-03-23T20:25:13+00:00","dateModified":"2021-03-23T20:25:20+00:00","description":"Apprenez-en davantage sur la fa\u00e7on dont GFL \u00e9limine les d\u00e9chets et le recyclage de mani\u00e8re \u00e9cologiquement durable.","breadcrumb":{"@id":"https:\/\/gflenvincuat.gflenv.com\/fr\/nos-installations\/#breadcrumb"},"inLanguage":"en-CA","potentialAction":[{"@type":"ReadAction","target":["https:\/\/gflenvincuat.gflenv.com\/fr\/nos-installations\/"]}]},{"@type":"BreadcrumbList","@id":"https:\/\/gflenvincuat.gflenv.com\/fr\/nos-installations\/#breadcrumb","itemListElement":[{"@type":"ListItem","position":1,"name":"Home","item":"https:\/\/gflenvincuat.gflenv.com\/"},{"@type":"ListItem","position":2,"name":"NOS INSTALLATIONS"}]},{"@type":"WebSite","@id":"https:\/\/gflenvincuat.gflenv.com\/#website","url":"https:\/\/gflenvincuat.gflenv.com\/","name":"GFL Environmental Inc.","description":"Waste Management &amp; Infrastructure Services","potentialAction":[{"@type":"SearchAction","target":{"@type":"EntryPoint","urlTemplate":"https:\/\/gflenvincuat.gflenv.com\/?s={search_term_string}"},"query-input":"required name=search_term_string"}],"inLanguage":"en-CA"}]}},"_links":{"self":[{"href":"https:\/\/gflenvincuat.gflenv.com\/fr\/wp-json\/wp\/v2\/pages\/24693"}],"collection":[{"href":"https:\/\/gflenvincuat.gflenv.com\/fr\/wp-json\/wp\/v2\/pages"}],"about":[{"href":"https:\/\/gflenvincuat.gflenv.com\/fr\/wp-json\/wp\/v2\/types\/page"}],"author":[{"embeddable":true,"href":"https:\/\/gflenvincuat.gflenv.com\/fr\/wp-json\/wp\/v2\/users\/5"}],"replies":[{"embeddable":true,"href":"https:\/\/gflenvincuat.gflenv.com\/fr\/wp-json\/wp\/v2\/comments?post=24693"}],"version-history":[{"count":0,"href":"https:\/\/gflenvincuat.gflenv.com\/fr\/wp-json\/wp\/v2\/pages\/24693\/revisions"}],"wp:attachment":[{"href":"https:\/\/gflenvincuat.gflenv.com\/fr\/wp-json\/wp\/v2\/media?parent=24693"}],"curies":[{"name":"wp","href":"https:\/\/api.w.org\/{rel}","templated":true}]}}