{"id":1901,"date":"2020-09-16T07:58:42","date_gmt":"2020-09-16T07:58:42","guid":{"rendered":"https:\/\/gflenvincuatgf.wpengine.com\/?page_id=1901"},"modified":"2021-03-14T03:55:53","modified_gmt":"2021-03-14T03:55:53","slug":"safety-compliance","status":"publish","type":"page","link":"https:\/\/gflenvincuat.gflenv.com\/fr\/about-us\/safety-compliance\/","title":{"rendered":"S\u00e9curit\u00e9 et conformit\u00e9"},"content":{"rendered":"","protected":false},"excerpt":{"rendered":"","protected":false},"author":9,"featured_media":0,"parent":1534,"menu_order":0,"comment_status":"closed","ping_status":"closed","template":"templates\/template-for-safery-and-compliance.php","meta":{"inline_featured_image":false},"acf":[],"yoast_head":"<!-- This site is optimized with the Yoast SEO plugin v19.6.1 - https:\/\/yoast.com\/wordpress\/plugins\/seo\/ -->\n<title>S\u00e9curit\u00e9 et conformit\u00e9 - GFL Environmental Inc.<\/title>\n<meta name=\"description\" content=\"GFL met en \u0153uvre un programme robuste pour promouvoir la sant\u00e9 et la s\u00e9curit\u00e9 de nos travailleurs, sous-traitants, visiteurs et du public.\" \/>\n<meta name=\"robots\" content=\"noindex, follow, max-snippet:-1, max-image-preview:large, max-video-preview:-1\" \/>\n<meta property=\"og:locale\" content=\"en_US\" \/>\n<meta property=\"og:type\" content=\"article\" \/>\n<meta property=\"og:title\" content=\"S\u00e9curit\u00e9 et conformit\u00e9 - GFL Environmental Inc.\" \/>\n<meta property=\"og:description\" content=\"GFL met en \u0153uvre un programme robuste pour promouvoir la sant\u00e9 et la s\u00e9curit\u00e9 de nos travailleurs, sous-traitants, visiteurs et du public.\" \/>\n<meta property=\"og:url\" content=\"https:\/\/gflenvincuat.gflenv.com\/fr\/about-us\/safety-compliance\/\" \/>\n<meta property=\"og:site_name\" content=\"GFL Environmental Inc.\" \/>\n<meta property=\"article:modified_time\" content=\"2021-03-14T03:55:53+00:00\" \/>\n<meta name=\"twitter:card\" content=\"summary_large_image\" \/>\n<script type=\"application\/ld+json\" class=\"yoast-schema-graph\">{\"@context\":\"https:\/\/schema.org\",\"@graph\":[{\"@type\":\"WebPage\",\"@id\":\"https:\/\/gflenvincuat.gflenv.com\/fr\/about-us\/safety-compliance\/\",\"url\":\"https:\/\/gflenvincuat.gflenv.com\/fr\/about-us\/safety-compliance\/\",\"name\":\"S\u00e9curit\u00e9 et conformit\u00e9 - GFL Environmental Inc.\",\"isPartOf\":{\"@id\":\"https:\/\/gflenvincuat.gflenv.com\/#website\"},\"datePublished\":\"2020-09-16T07:58:42+00:00\",\"dateModified\":\"2021-03-14T03:55:53+00:00\",\"description\":\"GFL met en \u0153uvre un programme robuste pour promouvoir la sant\u00e9 et la s\u00e9curit\u00e9 de nos travailleurs, sous-traitants, visiteurs et du public.\",\"breadcrumb\":{\"@id\":\"https:\/\/gflenvincuat.gflenv.com\/fr\/about-us\/safety-compliance\/#breadcrumb\"},\"inLanguage\":\"en-CA\",\"potentialAction\":[{\"@type\":\"ReadAction\",\"target\":[\"https:\/\/gflenvincuat.gflenv.com\/fr\/about-us\/safety-compliance\/\"]}]},{\"@type\":\"BreadcrumbList\",\"@id\":\"https:\/\/gflenvincuat.gflenv.com\/fr\/about-us\/safety-compliance\/#breadcrumb\",\"itemListElement\":[{\"@type\":\"ListItem\",\"position\":1,\"name\":\"Home\",\"item\":\"https:\/\/gflenvincuat.gflenv.com\/\"},{\"@type\":\"ListItem\",\"position\":2,\"name\":\"\u00c0 NOTRE SUJET\",\"item\":\"https:\/\/gflenvincuat.gflenv.com\/fr\/about-us\/\"},{\"@type\":\"ListItem\",\"position\":3,\"name\":\"S\u00e9curit\u00e9 et conformit\u00e9\"}]},{\"@type\":\"WebSite\",\"@id\":\"https:\/\/gflenvincuat.gflenv.com\/#website\",\"url\":\"https:\/\/gflenvincuat.gflenv.com\/\",\"name\":\"GFL Environmental Inc.\",\"description\":\"Waste Management &amp; Infrastructure Services\",\"potentialAction\":[{\"@type\":\"SearchAction\",\"target\":{\"@type\":\"EntryPoint\",\"urlTemplate\":\"https:\/\/gflenvincuat.gflenv.com\/?s={search_term_string}\"},\"query-input\":\"required name=search_term_string\"}],\"inLanguage\":\"en-CA\"}]}<\/script>\n<!-- \/ Yoast SEO plugin. -->","yoast_head_json":{"title":"S\u00e9curit\u00e9 et conformit\u00e9 - GFL Environmental Inc.","description":"GFL met en \u0153uvre un programme robuste pour promouvoir la sant\u00e9 et la s\u00e9curit\u00e9 de nos travailleurs, sous-traitants, visiteurs et du public.","robots":{"index":"noindex","follow":"follow","max-snippet":"max-snippet:-1","max-image-preview":"max-image-preview:large","max-video-preview":"max-video-preview:-1"},"og_locale":"en_US","og_type":"article","og_title":"S\u00e9curit\u00e9 et conformit\u00e9 - GFL Environmental Inc.","og_description":"GFL met en \u0153uvre un programme robuste pour promouvoir la sant\u00e9 et la s\u00e9curit\u00e9 de nos travailleurs, sous-traitants, visiteurs et du public.","og_url":"https:\/\/gflenvincuat.gflenv.com\/fr\/about-us\/safety-compliance\/","og_site_name":"GFL Environmental Inc.","article_modified_time":"2021-03-14T03:55:53+00:00","twitter_card":"summary_large_image","schema":{"@context":"https:\/\/schema.org","@graph":[{"@type":"WebPage","@id":"https:\/\/gflenvincuat.gflenv.com\/fr\/about-us\/safety-compliance\/","url":"https:\/\/gflenvincuat.gflenv.com\/fr\/about-us\/safety-compliance\/","name":"S\u00e9curit\u00e9 et conformit\u00e9 - GFL Environmental Inc.","isPartOf":{"@id":"https:\/\/gflenvincuat.gflenv.com\/#website"},"datePublished":"2020-09-16T07:58:42+00:00","dateModified":"2021-03-14T03:55:53+00:00","description":"GFL met en \u0153uvre un programme robuste pour promouvoir la sant\u00e9 et la s\u00e9curit\u00e9 de nos travailleurs, sous-traitants, visiteurs et du public.","breadcrumb":{"@id":"https:\/\/gflenvincuat.gflenv.com\/fr\/about-us\/safety-compliance\/#breadcrumb"},"inLanguage":"en-CA","potentialAction":[{"@type":"ReadAction","target":["https:\/\/gflenvincuat.gflenv.com\/fr\/about-us\/safety-compliance\/"]}]},{"@type":"BreadcrumbList","@id":"https:\/\/gflenvincuat.gflenv.com\/fr\/about-us\/safety-compliance\/#breadcrumb","itemListElement":[{"@type":"ListItem","position":1,"name":"Home","item":"https:\/\/gflenvincuat.gflenv.com\/"},{"@type":"ListItem","position":2,"name":"\u00c0 NOTRE SUJET","item":"https:\/\/gflenvincuat.gflenv.com\/fr\/about-us\/"},{"@type":"ListItem","position":3,"name":"S\u00e9curit\u00e9 et conformit\u00e9"}]},{"@type":"WebSite","@id":"https:\/\/gflenvincuat.gflenv.com\/#website","url":"https:\/\/gflenvincuat.gflenv.com\/","name":"GFL Environmental Inc.","description":"Waste Management &amp; Infrastructure Services","potentialAction":[{"@type":"SearchAction","target":{"@type":"EntryPoint","urlTemplate":"https:\/\/gflenvincuat.gflenv.com\/?s={search_term_string}"},"query-input":"required name=search_term_string"}],"inLanguage":"en-CA"}]}},"_links":{"self":[{"href":"https:\/\/gflenvincuat.gflenv.com\/fr\/wp-json\/wp\/v2\/pages\/1901"}],"collection":[{"href":"https:\/\/gflenvincuat.gflenv.com\/fr\/wp-json\/wp\/v2\/pages"}],"about":[{"href":"https:\/\/gflenvincuat.gflenv.com\/fr\/wp-json\/wp\/v2\/types\/page"}],"author":[{"embeddable":true,"href":"https:\/\/gflenvincuat.gflenv.com\/fr\/wp-json\/wp\/v2\/users\/9"}],"replies":[{"embeddable":true,"href":"https:\/\/gflenvincuat.gflenv.com\/fr\/wp-json\/wp\/v2\/comments?post=1901"}],"version-history":[{"count":0,"href":"https:\/\/gflenvincuat.gflenv.com\/fr\/wp-json\/wp\/v2\/pages\/1901\/revisions"}],"up":[{"embeddable":true,"href":"https:\/\/gflenvincuat.gflenv.com\/fr\/wp-json\/wp\/v2\/pages\/1534"}],"wp:attachment":[{"href":"https:\/\/gflenvincuat.gflenv.com\/fr\/wp-json\/wp\/v2\/media?parent=1901"}],"curies":[{"name":"wp","href":"https:\/\/api.w.org\/{rel}","templated":true}]}}