{"id":1534,"date":"2020-09-09T10:12:05","date_gmt":"2020-09-09T10:12:05","guid":{"rendered":"https:\/\/gflenvincuatgf.wpengine.com\/?page_id=1534"},"modified":"2021-03-11T20:15:21","modified_gmt":"2021-03-11T20:15:21","slug":"about-us","status":"publish","type":"page","link":"https:\/\/gflenvincuat.gflenv.com\/fr\/about-us\/","title":{"rendered":"\u00c0 NOTRE SUJET"},"content":{"rendered":"","protected":false},"excerpt":{"rendered":"","protected":false},"author":9,"featured_media":0,"parent":0,"menu_order":0,"comment_status":"closed","ping_status":"closed","template":"templates\/template-for-about-us.php","meta":{"inline_featured_image":false},"acf":[],"yoast_head":"<!-- This site is optimized with the Yoast SEO plugin v19.6.1 - https:\/\/yoast.com\/wordpress\/plugins\/seo\/ -->\n<title>\u00c0 PROPOS DE NOUS - GFL Environnement<\/title>\n<meta name=\"description\" content=\"GFL Environmental Inc. est un chef de file nord-am\u00e9ricain en mati\u00e8re de solutions diversifi\u00e9es de gestion des d\u00e9chets environnementaux et de d\u00e9veloppement d\u2019infrastructures. En savoir plus.\" \/>\n<meta name=\"robots\" content=\"noindex, follow, max-snippet:-1, max-image-preview:large, max-video-preview:-1\" \/>\n<meta property=\"og:locale\" content=\"en_US\" \/>\n<meta property=\"og:type\" content=\"article\" \/>\n<meta property=\"og:title\" content=\"\u00c0 PROPOS DE NOUS - GFL Environnement\" \/>\n<meta property=\"og:description\" content=\"GFL Environmental Inc. est un chef de file nord-am\u00e9ricain en mati\u00e8re de solutions diversifi\u00e9es de gestion des d\u00e9chets environnementaux et de d\u00e9veloppement d\u2019infrastructures. En savoir plus.\" \/>\n<meta property=\"og:url\" content=\"https:\/\/gflenvincuat.gflenv.com\/fr\/about-us\/\" \/>\n<meta property=\"og:site_name\" content=\"GFL Environmental Inc.\" \/>\n<meta property=\"article:modified_time\" content=\"2021-03-11T20:15:21+00:00\" \/>\n<meta name=\"twitter:card\" content=\"summary_large_image\" \/>\n<script type=\"application\/ld+json\" class=\"yoast-schema-graph\">{\"@context\":\"https:\/\/schema.org\",\"@graph\":[{\"@type\":\"WebPage\",\"@id\":\"https:\/\/gflenvincuat.gflenv.com\/fr\/about-us\/\",\"url\":\"https:\/\/gflenvincuat.gflenv.com\/fr\/about-us\/\",\"name\":\"\u00c0 PROPOS DE NOUS - GFL Environnement\",\"isPartOf\":{\"@id\":\"https:\/\/gflenvincuat.gflenv.com\/#website\"},\"datePublished\":\"2020-09-09T10:12:05+00:00\",\"dateModified\":\"2021-03-11T20:15:21+00:00\",\"description\":\"GFL Environmental Inc. est un chef de file nord-am\u00e9ricain en mati\u00e8re de solutions diversifi\u00e9es de gestion des d\u00e9chets environnementaux et de d\u00e9veloppement d\u2019infrastructures. En savoir plus.\",\"breadcrumb\":{\"@id\":\"https:\/\/gflenvincuat.gflenv.com\/fr\/about-us\/#breadcrumb\"},\"inLanguage\":\"en-CA\",\"potentialAction\":[{\"@type\":\"ReadAction\",\"target\":[\"https:\/\/gflenvincuat.gflenv.com\/fr\/about-us\/\"]}]},{\"@type\":\"BreadcrumbList\",\"@id\":\"https:\/\/gflenvincuat.gflenv.com\/fr\/about-us\/#breadcrumb\",\"itemListElement\":[{\"@type\":\"ListItem\",\"position\":1,\"name\":\"Home\",\"item\":\"https:\/\/gflenvincuat.gflenv.com\/\"},{\"@type\":\"ListItem\",\"position\":2,\"name\":\"\u00c0 NOTRE SUJET\"}]},{\"@type\":\"WebSite\",\"@id\":\"https:\/\/gflenvincuat.gflenv.com\/#website\",\"url\":\"https:\/\/gflenvincuat.gflenv.com\/\",\"name\":\"GFL Environmental Inc.\",\"description\":\"Waste Management &amp; Infrastructure Services\",\"potentialAction\":[{\"@type\":\"SearchAction\",\"target\":{\"@type\":\"EntryPoint\",\"urlTemplate\":\"https:\/\/gflenvincuat.gflenv.com\/?s={search_term_string}\"},\"query-input\":\"required name=search_term_string\"}],\"inLanguage\":\"en-CA\"}]}<\/script>\n<!-- \/ Yoast SEO plugin. -->","yoast_head_json":{"title":"\u00c0 PROPOS DE NOUS - GFL Environnement","description":"GFL Environmental Inc. est un chef de file nord-am\u00e9ricain en mati\u00e8re de solutions diversifi\u00e9es de gestion des d\u00e9chets environnementaux et de d\u00e9veloppement d\u2019infrastructures. En savoir plus.","robots":{"index":"noindex","follow":"follow","max-snippet":"max-snippet:-1","max-image-preview":"max-image-preview:large","max-video-preview":"max-video-preview:-1"},"og_locale":"en_US","og_type":"article","og_title":"\u00c0 PROPOS DE NOUS - GFL Environnement","og_description":"GFL Environmental Inc. est un chef de file nord-am\u00e9ricain en mati\u00e8re de solutions diversifi\u00e9es de gestion des d\u00e9chets environnementaux et de d\u00e9veloppement d\u2019infrastructures. En savoir plus.","og_url":"https:\/\/gflenvincuat.gflenv.com\/fr\/about-us\/","og_site_name":"GFL Environmental Inc.","article_modified_time":"2021-03-11T20:15:21+00:00","twitter_card":"summary_large_image","schema":{"@context":"https:\/\/schema.org","@graph":[{"@type":"WebPage","@id":"https:\/\/gflenvincuat.gflenv.com\/fr\/about-us\/","url":"https:\/\/gflenvincuat.gflenv.com\/fr\/about-us\/","name":"\u00c0 PROPOS DE NOUS - GFL Environnement","isPartOf":{"@id":"https:\/\/gflenvincuat.gflenv.com\/#website"},"datePublished":"2020-09-09T10:12:05+00:00","dateModified":"2021-03-11T20:15:21+00:00","description":"GFL Environmental Inc. est un chef de file nord-am\u00e9ricain en mati\u00e8re de solutions diversifi\u00e9es de gestion des d\u00e9chets environnementaux et de d\u00e9veloppement d\u2019infrastructures. En savoir plus.","breadcrumb":{"@id":"https:\/\/gflenvincuat.gflenv.com\/fr\/about-us\/#breadcrumb"},"inLanguage":"en-CA","potentialAction":[{"@type":"ReadAction","target":["https:\/\/gflenvincuat.gflenv.com\/fr\/about-us\/"]}]},{"@type":"BreadcrumbList","@id":"https:\/\/gflenvincuat.gflenv.com\/fr\/about-us\/#breadcrumb","itemListElement":[{"@type":"ListItem","position":1,"name":"Home","item":"https:\/\/gflenvincuat.gflenv.com\/"},{"@type":"ListItem","position":2,"name":"\u00c0 NOTRE SUJET"}]},{"@type":"WebSite","@id":"https:\/\/gflenvincuat.gflenv.com\/#website","url":"https:\/\/gflenvincuat.gflenv.com\/","name":"GFL Environmental Inc.","description":"Waste Management &amp; Infrastructure Services","potentialAction":[{"@type":"SearchAction","target":{"@type":"EntryPoint","urlTemplate":"https:\/\/gflenvincuat.gflenv.com\/?s={search_term_string}"},"query-input":"required name=search_term_string"}],"inLanguage":"en-CA"}]}},"_links":{"self":[{"href":"https:\/\/gflenvincuat.gflenv.com\/fr\/wp-json\/wp\/v2\/pages\/1534"}],"collection":[{"href":"https:\/\/gflenvincuat.gflenv.com\/fr\/wp-json\/wp\/v2\/pages"}],"about":[{"href":"https:\/\/gflenvincuat.gflenv.com\/fr\/wp-json\/wp\/v2\/types\/page"}],"author":[{"embeddable":true,"href":"https:\/\/gflenvincuat.gflenv.com\/fr\/wp-json\/wp\/v2\/users\/9"}],"replies":[{"embeddable":true,"href":"https:\/\/gflenvincuat.gflenv.com\/fr\/wp-json\/wp\/v2\/comments?post=1534"}],"version-history":[{"count":0,"href":"https:\/\/gflenvincuat.gflenv.com\/fr\/wp-json\/wp\/v2\/pages\/1534\/revisions"}],"wp:attachment":[{"href":"https:\/\/gflenvincuat.gflenv.com\/fr\/wp-json\/wp\/v2\/media?parent=1534"}],"curies":[{"name":"wp","href":"https:\/\/api.w.org\/{rel}","templated":true}]}}